{"id":2,"date":"2016-09-07T11:02:20","date_gmt":"2016-09-07T11:02:20","guid":{"rendered":""},"modified":"2026-04-22T15:29:01","modified_gmt":"2026-04-22T15:29:01","slug":"etusivu","status":"publish","type":"page","link":"https:\/\/tiarakauneushoitola.fi\/","title":{"rendered":"ETUSIVU"},"content":{"rendered":"\n<div class=\"wp-block-cover alignfull is-light has-custom-content-position is-position-top-center\" style=\"margin-top:0;padding-top:5vw;padding-right:5vw;padding-bottom:5vw;padding-left:5vw;min-height:538px;aspect-ratio:unset;\"><img loading=\"lazy\" decoding=\"async\" width=\"2560\" height=\"2560\" class=\"wp-block-cover__image-background wp-image-955\" alt=\"\" src=\"https:\/\/tiarakauneushoitola.fi\/wp-content\/uploads\/2024\/04\/etusivukuva-scaled.jpg\" style=\"object-position:21% 46%\" data-object-fit=\"cover\" data-object-position=\"21% 46%\" srcset=\"https:\/\/tiarakauneushoitola.fi\/wp-content\/uploads\/2024\/04\/etusivukuva-scaled.jpg 2560w, https:\/\/tiarakauneushoitola.fi\/wp-content\/uploads\/2024\/04\/etusivukuva-300x300.jpg 300w, https:\/\/tiarakauneushoitola.fi\/wp-content\/uploads\/2024\/04\/etusivukuva-1024x1024.jpg 1024w, https:\/\/tiarakauneushoitola.fi\/wp-content\/uploads\/2024\/04\/etusivukuva-150x150.jpg 150w, https:\/\/tiarakauneushoitola.fi\/wp-content\/uploads\/2024\/04\/etusivukuva-768x768.jpg 768w, https:\/\/tiarakauneushoitola.fi\/wp-content\/uploads\/2024\/04\/etusivukuva-1536x1536.jpg 1536w, https:\/\/tiarakauneushoitola.fi\/wp-content\/uploads\/2024\/04\/etusivukuva-2048x2048.jpg 2048w\" sizes=\"auto, (max-width: 2560px) 100vw, 2560px\" \/><span aria-hidden=\"true\" class=\"wp-block-cover__background has-base-3-background-color has-background-dim-30 has-background-dim\"><\/span><div class=\"wp-block-cover__inner-container is-layout-flow wp-block-cover-is-layout-flow\">\n<div style=\"height:48px\" aria-hidden=\"true\" class=\"wp-block-spacer\"><\/div>\n\n\n\n<div class=\"wp-block-group is-vertical is-content-justification-left is-nowrap is-layout-flex wp-container-core-group-is-layout-e082e788 wp-block-group-is-layout-flex\">\n<h2 class=\"wp-block-heading has-text-align-left has-contrast-color has-text-color\" style=\"font-size:47px\"><br><br><br><br>KAUNEUTTA, HEMMOTTELUA <br>JA HYV\u00c4\u00c4 OLOA<br><\/h2>\n\n\n\n<div style=\"height:63px\" aria-hidden=\"true\" class=\"wp-block-spacer wp-container-content-7b68837a\"><\/div>\n<\/div>\n\n\n\n<div class=\"wp-block-buttons is-content-justification-center is-layout-flex wp-container-core-buttons-is-layout-e1485a7b wp-block-buttons-is-layout-flex\">\n<div class=\"wp-block-button is-style-outline is-style-outline--1\"><a class=\"wp-block-button__link has-base-2-color has-contrast-background-color has-text-color has-background has-link-color wp-element-button\" href=\"https:\/\/varaa.timma.fi\/kauneushoitolatiara\" style=\"border-radius:7px\">Varaa aika timmasta<\/a><\/div>\n<\/div>\n<\/div><\/div>\n\n\n<style>.kb-row-layout-wrap.wp-block-kadence-rowlayout.kb-row-layout-id2_600a4e-97{margin-bottom:0px;}.kb-row-layout-id2_600a4e-97 > .kt-row-column-wrap{align-content:start;}:where(.kb-row-layout-id2_600a4e-97 > .kt-row-column-wrap) > .wp-block-kadence-column{justify-content:start;}.kb-row-layout-id2_600a4e-97 > .kt-row-column-wrap{column-gap:var(--global-kb-gap-md, 2rem);row-gap:var(--global-kb-gap-md, 2rem);padding-top:var(--global-kb-spacing-sm, 1.5rem);padding-bottom:var(--global-kb-spacing-sm, 1.5rem);grid-template-columns:minmax(0, 1fr);}.kb-row-layout-id2_600a4e-97 > .kt-row-layout-overlay{opacity:0.30;}@media all and (max-width: 1024px){.kb-row-layout-id2_600a4e-97 > .kt-row-column-wrap{grid-template-columns:minmax(0, 1fr);}}@media all and (max-width: 767px){.kb-row-layout-id2_600a4e-97 > .kt-row-column-wrap{grid-template-columns:minmax(0, 1fr);}}<\/style><div class=\"kb-row-layout-wrap kb-row-layout-id2_600a4e-97 alignnone wp-block-kadence-rowlayout\"><div class=\"kt-row-column-wrap kt-has-1-columns kt-row-layout-equal kt-tab-layout-inherit kt-mobile-layout-row kt-row-valign-top\">\n<style>.kadence-column2_caa441-18 > .kt-inside-inner-col{padding-left:var(--global-kb-spacing-md, 2rem);}.kadence-column2_caa441-18 > .kt-inside-inner-col,.kadence-column2_caa441-18 > .kt-inside-inner-col:before{border-top-left-radius:0px;border-top-right-radius:0px;border-bottom-right-radius:0px;border-bottom-left-radius:0px;}.kadence-column2_caa441-18 > .kt-inside-inner-col{column-gap:var(--global-kb-gap-sm, 1rem);}.kadence-column2_caa441-18 > .kt-inside-inner-col{flex-direction:column;}.kadence-column2_caa441-18 > .kt-inside-inner-col > .aligncenter{width:100%;}.kadence-column2_caa441-18 > .kt-inside-inner-col{background-color:var(--base-2);}.kadence-column2_caa441-18 > .kt-inside-inner-col:before{opacity:0.3;}.kadence-column2_caa441-18{position:relative;}@media all and (max-width: 1024px){.kadence-column2_caa441-18 > .kt-inside-inner-col{flex-direction:column;justify-content:center;}}@media all and (max-width: 767px){.kadence-column2_caa441-18 > .kt-inside-inner-col{flex-direction:column;justify-content:center;}}<\/style>\n<div class=\"wp-block-kadence-column kadence-column2_caa441-18\"><div class=\"kt-inside-inner-col\">\n<h3 class=\"wp-block-heading\" style=\"font-size:19px\"><strong>Tervetuloa Tiara Kauneushoitolaan, jossa palveluistasi vastaa kokenut SKY-erikoiskosmetologi Taina Backlund. Sijaitsemme Porvoossa, osoitteessa Rauhankatu 30, tarjoten kattavan valikoiman kauneudenhoitopalveluita. <\/strong><\/h3>\n\n\n\n<h5 class=\"wp-block-heading\" style=\"font-size:18px\"><br>Valikoimaamme kuuluvat muun muassa yksil\u00f6lliset <strong>kasvohoidot<\/strong>, <strong>jalkahoidot<\/strong>, <strong>kuumakivihieronta<\/strong>, <strong>sokerointi<\/strong> ja monia muita <strong>hemmotteluhoitoja<\/strong>. Tiara Kauneushoitolassa pysymme ajan hermoilla kouluttautumalla jatkuvasti, jotta voimme tarjota sinulle, juuri sinulle sopivimman hoitoel\u00e4myksen.<\/h5>\n\n\n\n<h5 class=\"wp-block-heading has-contrast-color has-text-color has-link-color wp-elements-4fe69a6c9106845d4881e93c86407de2\" style=\"font-size:18px\">Lis\u00e4ksi tarjoamme <strong>erikoishoitoja<\/strong> kuten, <strong>Radiofrekvens Supra , RF Mikroneulaus<\/strong>, <strong>valohoitoja<\/strong>, <strong>Biomikroneulaus,<\/strong>  <strong>l\u00e4\u00e4kinn\u00e4llisi\u00e4 kuorintoja<\/strong> ja <a href=\"https:\/\/tiarakauneushoitola.fi\/?page_id=561\"><strong>Dermicapen<\/strong><\/a>-neulaushoitoja, sek\u00e4 erilaisia <strong>hierontoja<\/strong> ja <strong>vy\u00f6hyketerapiaa <\/strong>unohtamatta sielunhoitoa<strong>.<\/strong> <br>Ajanvaraukset puhelimitse:\u00a0040\u00a0513\u00a01813.<\/h5>\n\n\n<style>.kb-row-layout-wrap.wp-block-kadence-rowlayout.kb-row-layout-id2_dfe993-c8{margin-bottom:0px;}.kb-row-layout-id2_dfe993-c8 > .kt-row-column-wrap{align-content:start;}:where(.kb-row-layout-id2_dfe993-c8 > .kt-row-column-wrap) > .wp-block-kadence-column{justify-content:start;}.kb-row-layout-id2_dfe993-c8 > .kt-row-column-wrap{column-gap:var(--global-kb-gap-md, 2rem);row-gap:var(--global-kb-gap-md, 2rem);padding-top:var(--global-kb-spacing-sm, 1.5rem);padding-bottom:var(--global-kb-spacing-sm, 1.5rem);grid-template-columns:minmax(0, 1fr);}.kb-row-layout-id2_dfe993-c8 > .kt-row-layout-overlay{opacity:0.30;}@media all and (max-width: 1024px){.kb-row-layout-id2_dfe993-c8 > .kt-row-column-wrap{grid-template-columns:minmax(0, 1fr);}}@media all and (max-width: 767px){.kb-row-layout-id2_dfe993-c8 > .kt-row-column-wrap{grid-template-columns:minmax(0, 1fr);}}<\/style><div class=\"kb-row-layout-wrap kb-row-layout-id2_dfe993-c8 alignnone wp-block-kadence-rowlayout\"><div class=\"kt-row-column-wrap kt-has-1-columns kt-row-layout-equal kt-tab-layout-inherit kt-mobile-layout-row kt-row-valign-top\">\n<style>.kadence-column2_7ad9d3-ef > .kt-inside-inner-col,.kadence-column2_7ad9d3-ef > .kt-inside-inner-col:before{border-top-left-radius:0px;border-top-right-radius:0px;border-bottom-right-radius:0px;border-bottom-left-radius:0px;}.kadence-column2_7ad9d3-ef > .kt-inside-inner-col{column-gap:var(--global-kb-gap-sm, 1rem);}.kadence-column2_7ad9d3-ef > .kt-inside-inner-col{flex-direction:column;}.kadence-column2_7ad9d3-ef > .kt-inside-inner-col > .aligncenter{width:100%;}.kadence-column2_7ad9d3-ef > .kt-inside-inner-col{background-color:var(--base-2);}.kadence-column2_7ad9d3-ef > .kt-inside-inner-col:before{opacity:0.3;}.kadence-column2_7ad9d3-ef{position:relative;}@media all and (max-width: 1024px){.kadence-column2_7ad9d3-ef > .kt-inside-inner-col{flex-direction:column;justify-content:center;}}@media all and (max-width: 767px){.kadence-column2_7ad9d3-ef > .kt-inside-inner-col{flex-direction:column;justify-content:center;}}<\/style>\n<div class=\"wp-block-kadence-column kadence-column2_7ad9d3-ef\"><div class=\"kt-inside-inner-col\"><div class=\"wp-block-image\">\n<figure class=\"aligncenter size-large is-resized\"><a href=\"https:\/\/tiarakauneushoitola.fi\/wp-content\/uploads\/2024\/04\/kasvohoito-asiakas-kopio.jpg\"><img loading=\"lazy\" decoding=\"async\" width=\"1024\" height=\"431\" src=\"https:\/\/tiarakauneushoitola.fi\/wp-content\/uploads\/2024\/04\/kasvohoito-asiakas-kopio-1024x431.jpg\" alt=\"Kasvohoito asiakas Tiara kauneushoitolassa.\" class=\"wp-image-964\" style=\"width:1002px;height:auto\" srcset=\"https:\/\/tiarakauneushoitola.fi\/wp-content\/uploads\/2024\/04\/kasvohoito-asiakas-kopio-1024x431.jpg 1024w, https:\/\/tiarakauneushoitola.fi\/wp-content\/uploads\/2024\/04\/kasvohoito-asiakas-kopio-300x126.jpg 300w, https:\/\/tiarakauneushoitola.fi\/wp-content\/uploads\/2024\/04\/kasvohoito-asiakas-kopio-768x323.jpg 768w, https:\/\/tiarakauneushoitola.fi\/wp-content\/uploads\/2024\/04\/kasvohoito-asiakas-kopio-1536x647.jpg 1536w, https:\/\/tiarakauneushoitola.fi\/wp-content\/uploads\/2024\/04\/kasvohoito-asiakas-kopio.jpg 1900w\" sizes=\"auto, (max-width: 1024px) 100vw, 1024px\" \/><\/a><\/figure>\n<\/div><\/div><\/div>\n\n<\/div><\/div><\/div><\/div>\n\n<\/div><\/div>\n\n\n<div style=\"height:30px\" aria-hidden=\"true\" class=\"wp-block-spacer\"><\/div>\n\n\n\n<figure class=\"wp-block-pullquote has-background\" style=\"border-style:none;border-width:0px;border-radius:0px;background:linear-gradient(135deg,rgb(251,251,251) 0%,rgb(224,224,224) 100%);font-size:14px\"><blockquote><p><strong>SUOSITUKSIA:<\/strong><br><em>Taina on syd\u00e4mellinen, ihmisl\u00e4heinen, taitava ja ottaa asiakkaan huomioon kokonaisvaltaisesti. Itse k\u00e4yn Espoosta asti h\u00e4nen hoitolassaan Porvoossa. Voin l\u00e4mpim\u00e4sti suositella kaikille<\/em> &nbsp;\ud83d\udc4d\u2764&nbsp;<br>&#8211;&nbsp;Tea&nbsp;&#8211;<br><br><\/p><cite>Vantaalta asti ajelen luotto kosmetologilleni erilaisiin kauneushoitoihin. Tainalla on aina uusia ideoita ja tykk\u00e4\u00e4n siit\u00e4, miten h\u00e4n ottaa asiakkaan yksil\u00f6n\u00e4 vastaan ja osaa sovittaa esim. kasvohoidot juuri sen hetkisen tilanteen mukaan sopiviksi. Tainalla on tasaisin v\u00e4liajoin uusia oppeja takataskussa, jonka johdosta asiakkaasta tuntuu my\u00f6s silt\u00e4, ett\u00e4 ollaan aina kauneus -ja ihonhoitotrendien aallonharjalla. Taina on ihmisen\u00e4 helposti l\u00e4hestytt\u00e4v\u00e4 ja maanl\u00e4heinen, jonka johdosta sivutuotteena saa aina purkaa&nbsp;syd\u00e4nt\u00e4\u00e4n&nbsp;\u2764<br>&#8211; Tuire  &#8211;<br><br><br>Tainan pitk\u00e4 kokemus, monipuolinen osaaminen ja ammattitaito sek\u00e4 jatkuva into itsens\u00e4 kehitt\u00e4miseen<br>uusimpiin oppeihin perehtyen takaavat asiakkaalle kuin asiakkaalle parhaimmat avut ja huolella valitut yksil\u00f6lliset menetelm\u00e4t niin ihon hoitoon kuin kokonaisvaltaisen kauneuden yll\u00e4pitoon. Sen lis\u00e4ksi Tainan hoivissa on aina hauskaa ja juttu luistaa \u2764 Vahva suositus! <br>Plussaa my\u00f6s sijainnista ihanassa Porvoossa! Kannattaa tulla&nbsp;kauempaakin!<br>&#8211; Piia &#8211;<\/cite><\/blockquote><\/figure>\n\n\n\n<div style=\"height:20px\" aria-hidden=\"true\" class=\"wp-block-spacer\"><\/div>\n","protected":false},"excerpt":{"rendered":"<p>Tervetuloa Tiara Kauneushoitolaan, jossa palveluistasi vastaa kokenut SKY-erikoiskosmetologi Taina Backlund. Sijaitsemme Porvoossa, osoitteessa Rauhankatu 30, tarjoten kattavan valikoiman kauneudenhoitopalveluita. Valikoimaamme kuuluvat muun muassa yksil\u00f6lliset kasvohoidot, jalkahoidot, kuumakivihieronta, sokerointi ja monia muita hemmotteluhoitoja. Tiara Kauneushoitolassa pysymme ajan hermoilla kouluttautumalla jatkuvasti, jotta voimme tarjota sinulle, juuri sinulle sopivimman hoitoel\u00e4myksen. Lis\u00e4ksi tarjoamme erikoishoitoja kuten, Radiofrekvens Supra , RF &#8230; <a title=\"ETUSIVU\" class=\"read-more\" href=\"https:\/\/tiarakauneushoitola.fi\/\" aria-label=\"Lue lis\u00e4\u00e4 aiheesta ETUSIVU\">Lue lis\u00e4\u00e4<\/a><\/p>\n","protected":false},"author":1,"featured_media":0,"parent":0,"menu_order":0,"comment_status":"closed","ping_status":"closed","template":"","meta":{"footnotes":""},"class_list":["post-2","page","type-page","status-publish"],"yoast_head":"<!-- This site is optimized with the Yoast SEO plugin v27.5 - https:\/\/yoast.com\/product\/yoast-seo-wordpress\/ -->\n<title>Tiara Kauneushoitola Porvoo - kauneudenhoitopalvelut<\/title>\n<meta name=\"description\" content=\"Tervetuloa Tiara Kauneushoitolaan, jossa Sky-kosmetologi Taina Backlund tarjoaa kattavan valikoiman kauneudenhoitopalveluita.\" \/>\n<meta name=\"robots\" content=\"index, follow, max-snippet:-1, max-image-preview:large, max-video-preview:-1\" \/>\n<link rel=\"canonical\" href=\"https:\/\/tiarakauneushoitola.fi\/\" \/>\n<meta property=\"og:locale\" content=\"fi_FI\" \/>\n<meta property=\"og:type\" content=\"article\" \/>\n<meta property=\"og:title\" content=\"Tiara Kauneushoitola Porvoo - kauneudenhoitopalvelut\" \/>\n<meta property=\"og:description\" content=\"Tervetuloa Tiara Kauneushoitolaan, jossa Sky-kosmetologi Taina Backlund tarjoaa kattavan valikoiman kauneudenhoitopalveluita.\" \/>\n<meta property=\"og:url\" content=\"https:\/\/tiarakauneushoitola.fi\/\" \/>\n<meta property=\"og:site_name\" content=\"Tiara Kauneushoitola\" \/>\n<meta property=\"article:publisher\" content=\"https:\/\/www.facebook.com\/kauneustiara\" \/>\n<meta property=\"article:modified_time\" content=\"2026-04-22T15:29:01+00:00\" \/>\n<meta property=\"og:image\" content=\"https:\/\/tiarakauneushoitola.fi\/wp-content\/uploads\/2024\/04\/etusivukuva-scaled.jpg\" \/>\n\t<meta property=\"og:image:width\" content=\"2560\" \/>\n\t<meta property=\"og:image:height\" content=\"2560\" \/>\n\t<meta property=\"og:image:type\" content=\"image\/jpeg\" \/>\n<meta name=\"twitter:card\" content=\"summary_large_image\" \/>\n<meta name=\"twitter:label1\" content=\"Arvioitu lukuaika\" \/>\n\t<meta name=\"twitter:data1\" content=\"1 minuutti\" \/>\n<script type=\"application\/ld+json\" class=\"yoast-schema-graph\">{\"@context\":\"https:\\\/\\\/schema.org\",\"@graph\":[{\"@type\":\"WebPage\",\"@id\":\"https:\\\/\\\/tiarakauneushoitola.fi\\\/\",\"url\":\"https:\\\/\\\/tiarakauneushoitola.fi\\\/\",\"name\":\"Tiara Kauneushoitola Porvoo - kauneudenhoitopalvelut\",\"isPartOf\":{\"@id\":\"https:\\\/\\\/tiarakauneushoitola.fi\\\/#website\"},\"primaryImageOfPage\":{\"@id\":\"https:\\\/\\\/tiarakauneushoitola.fi\\\/#primaryimage\"},\"image\":{\"@id\":\"https:\\\/\\\/tiarakauneushoitola.fi\\\/#primaryimage\"},\"thumbnailUrl\":\"https:\\\/\\\/tiarakauneushoitola.fi\\\/wp-content\\\/uploads\\\/2024\\\/04\\\/etusivukuva-scaled.jpg\",\"datePublished\":\"2016-09-07T11:02:20+00:00\",\"dateModified\":\"2026-04-22T15:29:01+00:00\",\"description\":\"Tervetuloa Tiara Kauneushoitolaan, jossa Sky-kosmetologi Taina Backlund tarjoaa kattavan valikoiman kauneudenhoitopalveluita.\",\"breadcrumb\":{\"@id\":\"https:\\\/\\\/tiarakauneushoitola.fi\\\/#breadcrumb\"},\"inLanguage\":\"fi\",\"potentialAction\":[{\"@type\":\"ReadAction\",\"target\":[\"https:\\\/\\\/tiarakauneushoitola.fi\\\/\"]}]},{\"@type\":\"ImageObject\",\"inLanguage\":\"fi\",\"@id\":\"https:\\\/\\\/tiarakauneushoitola.fi\\\/#primaryimage\",\"url\":\"https:\\\/\\\/tiarakauneushoitola.fi\\\/wp-content\\\/uploads\\\/2024\\\/04\\\/etusivukuva-scaled.jpg\",\"contentUrl\":\"https:\\\/\\\/tiarakauneushoitola.fi\\\/wp-content\\\/uploads\\\/2024\\\/04\\\/etusivukuva-scaled.jpg\",\"width\":2560,\"height\":2560},{\"@type\":\"BreadcrumbList\",\"@id\":\"https:\\\/\\\/tiarakauneushoitola.fi\\\/#breadcrumb\",\"itemListElement\":[{\"@type\":\"ListItem\",\"position\":1,\"name\":\"Home\",\"item\":\"https:\\\/\\\/tiarakauneushoitola.fi\\\/\"},{\"@type\":\"ListItem\",\"position\":2,\"name\":\"ETUSIVU\"}]},{\"@type\":\"WebSite\",\"@id\":\"https:\\\/\\\/tiarakauneushoitola.fi\\\/#website\",\"url\":\"https:\\\/\\\/tiarakauneushoitola.fi\\\/\",\"name\":\"Tiara Kauneushoitola\",\"description\":\"\",\"publisher\":{\"@id\":\"https:\\\/\\\/tiarakauneushoitola.fi\\\/#organization\"},\"potentialAction\":[{\"@type\":\"SearchAction\",\"target\":{\"@type\":\"EntryPoint\",\"urlTemplate\":\"https:\\\/\\\/tiarakauneushoitola.fi\\\/?s={search_term_string}\"},\"query-input\":{\"@type\":\"PropertyValueSpecification\",\"valueRequired\":true,\"valueName\":\"search_term_string\"}}],\"inLanguage\":\"fi\"},{\"@type\":\"Organization\",\"@id\":\"https:\\\/\\\/tiarakauneushoitola.fi\\\/#organization\",\"name\":\"Tiara Kauneushoitola\",\"url\":\"https:\\\/\\\/tiarakauneushoitola.fi\\\/\",\"logo\":{\"@type\":\"ImageObject\",\"inLanguage\":\"fi\",\"@id\":\"https:\\\/\\\/tiarakauneushoitola.fi\\\/#\\\/schema\\\/logo\\\/image\\\/\",\"url\":\"https:\\\/\\\/tiarakauneushoitola.fi\\\/wp-content\\\/uploads\\\/2017\\\/04\\\/Tiara_logo_valk100x50-kopio.jpg\",\"contentUrl\":\"https:\\\/\\\/tiarakauneushoitola.fi\\\/wp-content\\\/uploads\\\/2017\\\/04\\\/Tiara_logo_valk100x50-kopio.jpg\",\"width\":787,\"height\":305,\"caption\":\"Tiara Kauneushoitola\"},\"image\":{\"@id\":\"https:\\\/\\\/tiarakauneushoitola.fi\\\/#\\\/schema\\\/logo\\\/image\\\/\"},\"sameAs\":[\"https:\\\/\\\/www.facebook.com\\\/kauneustiara\"]}]}<\/script>\n<!-- \/ Yoast SEO plugin. -->","yoast_head_json":{"title":"Tiara Kauneushoitola Porvoo - kauneudenhoitopalvelut","description":"Tervetuloa Tiara Kauneushoitolaan, jossa Sky-kosmetologi Taina Backlund tarjoaa kattavan valikoiman kauneudenhoitopalveluita.","robots":{"index":"index","follow":"follow","max-snippet":"max-snippet:-1","max-image-preview":"max-image-preview:large","max-video-preview":"max-video-preview:-1"},"canonical":"https:\/\/tiarakauneushoitola.fi\/","og_locale":"fi_FI","og_type":"article","og_title":"Tiara Kauneushoitola Porvoo - kauneudenhoitopalvelut","og_description":"Tervetuloa Tiara Kauneushoitolaan, jossa Sky-kosmetologi Taina Backlund tarjoaa kattavan valikoiman kauneudenhoitopalveluita.","og_url":"https:\/\/tiarakauneushoitola.fi\/","og_site_name":"Tiara Kauneushoitola","article_publisher":"https:\/\/www.facebook.com\/kauneustiara","article_modified_time":"2026-04-22T15:29:01+00:00","og_image":[{"width":2560,"height":2560,"url":"https:\/\/tiarakauneushoitola.fi\/wp-content\/uploads\/2024\/04\/etusivukuva-scaled.jpg","type":"image\/jpeg"}],"twitter_card":"summary_large_image","twitter_misc":{"Arvioitu lukuaika":"1 minuutti"},"schema":{"@context":"https:\/\/schema.org","@graph":[{"@type":"WebPage","@id":"https:\/\/tiarakauneushoitola.fi\/","url":"https:\/\/tiarakauneushoitola.fi\/","name":"Tiara Kauneushoitola Porvoo - kauneudenhoitopalvelut","isPartOf":{"@id":"https:\/\/tiarakauneushoitola.fi\/#website"},"primaryImageOfPage":{"@id":"https:\/\/tiarakauneushoitola.fi\/#primaryimage"},"image":{"@id":"https:\/\/tiarakauneushoitola.fi\/#primaryimage"},"thumbnailUrl":"https:\/\/tiarakauneushoitola.fi\/wp-content\/uploads\/2024\/04\/etusivukuva-scaled.jpg","datePublished":"2016-09-07T11:02:20+00:00","dateModified":"2026-04-22T15:29:01+00:00","description":"Tervetuloa Tiara Kauneushoitolaan, jossa Sky-kosmetologi Taina Backlund tarjoaa kattavan valikoiman kauneudenhoitopalveluita.","breadcrumb":{"@id":"https:\/\/tiarakauneushoitola.fi\/#breadcrumb"},"inLanguage":"fi","potentialAction":[{"@type":"ReadAction","target":["https:\/\/tiarakauneushoitola.fi\/"]}]},{"@type":"ImageObject","inLanguage":"fi","@id":"https:\/\/tiarakauneushoitola.fi\/#primaryimage","url":"https:\/\/tiarakauneushoitola.fi\/wp-content\/uploads\/2024\/04\/etusivukuva-scaled.jpg","contentUrl":"https:\/\/tiarakauneushoitola.fi\/wp-content\/uploads\/2024\/04\/etusivukuva-scaled.jpg","width":2560,"height":2560},{"@type":"BreadcrumbList","@id":"https:\/\/tiarakauneushoitola.fi\/#breadcrumb","itemListElement":[{"@type":"ListItem","position":1,"name":"Home","item":"https:\/\/tiarakauneushoitola.fi\/"},{"@type":"ListItem","position":2,"name":"ETUSIVU"}]},{"@type":"WebSite","@id":"https:\/\/tiarakauneushoitola.fi\/#website","url":"https:\/\/tiarakauneushoitola.fi\/","name":"Tiara Kauneushoitola","description":"","publisher":{"@id":"https:\/\/tiarakauneushoitola.fi\/#organization"},"potentialAction":[{"@type":"SearchAction","target":{"@type":"EntryPoint","urlTemplate":"https:\/\/tiarakauneushoitola.fi\/?s={search_term_string}"},"query-input":{"@type":"PropertyValueSpecification","valueRequired":true,"valueName":"search_term_string"}}],"inLanguage":"fi"},{"@type":"Organization","@id":"https:\/\/tiarakauneushoitola.fi\/#organization","name":"Tiara Kauneushoitola","url":"https:\/\/tiarakauneushoitola.fi\/","logo":{"@type":"ImageObject","inLanguage":"fi","@id":"https:\/\/tiarakauneushoitola.fi\/#\/schema\/logo\/image\/","url":"https:\/\/tiarakauneushoitola.fi\/wp-content\/uploads\/2017\/04\/Tiara_logo_valk100x50-kopio.jpg","contentUrl":"https:\/\/tiarakauneushoitola.fi\/wp-content\/uploads\/2017\/04\/Tiara_logo_valk100x50-kopio.jpg","width":787,"height":305,"caption":"Tiara Kauneushoitola"},"image":{"@id":"https:\/\/tiarakauneushoitola.fi\/#\/schema\/logo\/image\/"},"sameAs":["https:\/\/www.facebook.com\/kauneustiara"]}]}},"_links":{"self":[{"href":"https:\/\/tiarakauneushoitola.fi\/index.php?rest_route=\/wp\/v2\/pages\/2","targetHints":{"allow":["GET"]}}],"collection":[{"href":"https:\/\/tiarakauneushoitola.fi\/index.php?rest_route=\/wp\/v2\/pages"}],"about":[{"href":"https:\/\/tiarakauneushoitola.fi\/index.php?rest_route=\/wp\/v2\/types\/page"}],"author":[{"embeddable":true,"href":"https:\/\/tiarakauneushoitola.fi\/index.php?rest_route=\/wp\/v2\/users\/1"}],"replies":[{"embeddable":true,"href":"https:\/\/tiarakauneushoitola.fi\/index.php?rest_route=%2Fwp%2Fv2%2Fcomments&post=2"}],"version-history":[{"count":165,"href":"https:\/\/tiarakauneushoitola.fi\/index.php?rest_route=\/wp\/v2\/pages\/2\/revisions"}],"predecessor-version":[{"id":1044,"href":"https:\/\/tiarakauneushoitola.fi\/index.php?rest_route=\/wp\/v2\/pages\/2\/revisions\/1044"}],"wp:attachment":[{"href":"https:\/\/tiarakauneushoitola.fi\/index.php?rest_route=%2Fwp%2Fv2%2Fmedia&parent=2"}],"curies":[{"name":"wp","href":"https:\/\/api.w.org\/{rel}","templated":true}]}}