{"id":53,"date":"2016-09-07T12:07:07","date_gmt":"2016-09-07T12:07:07","guid":{"rendered":"http:\/\/tiarakauneushoitola.fi\/?page_id=53"},"modified":"2024-04-11T11:02:49","modified_gmt":"2024-04-11T11:02:49","slug":"yhteystiedot","status":"publish","type":"page","link":"https:\/\/tiarakauneushoitola.fi\/?page_id=53","title":{"rendered":"YHTEYSTIEDOT"},"content":{"rendered":"\n<h3 class=\"wp-block-heading\">&nbsp;<\/h3>\n\n\n<style>.kb-row-layout-wrap.wp-block-kadence-rowlayout.kb-row-layout-id53_24945f-8c{margin-bottom:0px;}.kb-row-layout-id53_24945f-8c > .kt-row-column-wrap{align-content:start;}:where(.kb-row-layout-id53_24945f-8c > .kt-row-column-wrap) > .wp-block-kadence-column{justify-content:start;}.kb-row-layout-id53_24945f-8c > .kt-row-column-wrap{column-gap:var(--global-kb-gap-md, 2rem);row-gap:var(--global-kb-gap-md, 2rem);padding-top:var(--global-kb-spacing-sm, 1.5rem);padding-bottom:var(--global-kb-spacing-sm, 1.5rem);padding-left:var(--global-kb-spacing-md, 2rem);grid-template-columns:minmax(0, calc(50% - ((var(--global-kb-gap-md, 2rem) * 1 )\/2)))minmax(0, calc(50% - ((var(--global-kb-gap-md, 2rem) * 1 )\/2)));}.kb-row-layout-id53_24945f-8c > .kt-row-layout-overlay{opacity:0.30;}@media all and (max-width: 1024px){.kb-row-layout-id53_24945f-8c > .kt-row-column-wrap{grid-template-columns:minmax(0, 2fr) minmax(0, 1fr);}}@media all and (max-width: 767px){.kb-row-layout-id53_24945f-8c > .kt-row-column-wrap{grid-template-columns:minmax(0, 1fr);}}<\/style><div class=\"kb-row-layout-wrap kb-row-layout-id53_24945f-8c alignnone has-base-3-background-color kt-row-has-bg wp-block-kadence-rowlayout\"><div class=\"kt-row-column-wrap kt-has-2-columns kt-row-layout-left-golden kt-tab-layout-inherit kt-mobile-layout-row kt-row-valign-top\">\n<style>.kadence-column53_53531f-8c > .kt-inside-inner-col,.kadence-column53_53531f-8c > .kt-inside-inner-col:before{border-top-left-radius:0px;border-top-right-radius:0px;border-bottom-right-radius:0px;border-bottom-left-radius:0px;}.kadence-column53_53531f-8c > .kt-inside-inner-col{column-gap:var(--global-kb-gap-sm, 1rem);}.kadence-column53_53531f-8c > .kt-inside-inner-col{flex-direction:column;}.kadence-column53_53531f-8c > .kt-inside-inner-col > .aligncenter{width:100%;}.kadence-column53_53531f-8c > .kt-inside-inner-col:before{opacity:0.3;}.kadence-column53_53531f-8c{position:relative;}@media all and (max-width: 1024px){.kadence-column53_53531f-8c > .kt-inside-inner-col{flex-direction:column;justify-content:center;}}@media all and (max-width: 767px){.kadence-column53_53531f-8c > .kt-inside-inner-col{flex-direction:column;justify-content:center;}}<\/style>\n<div class=\"wp-block-kadence-column kadence-column53_53531f-8c\"><div class=\"kt-inside-inner-col\">\n<h3 class=\"wp-block-heading\">SKY-erikoiskosmetologi<\/h3>\n\n\n\n<h3 class=\"wp-block-heading\"><strong>Taina Backlund<\/strong><\/h3>\n\n\n\n<p><strong>Ajanvaraus:&nbsp;<\/strong> p. 040 513 1813&nbsp;&nbsp;&nbsp;&nbsp; tai<br><strong>meili<\/strong>: kauneustiara@gmail.com<br><strong>Osoite:<\/strong> Rauhankatu 30 as.2<br>06100 Porvoo.<br>K\u00e4ynti sis\u00e4pihan puolelta.<\/p>\n\n\n\n<p>Aukioloajat arkisin: 9.00-20.00 \/sop. mukaan<br>la sop. mukaan<br>www.tiarakauneushoitola.fi<\/p>\n\n\n\n<p>L\u00f6yd\u00e4t meid\u00e4t my\u00f6s<\/p>\n\n\n\n<p>Facebookista <a href=\"https:\/\/fi-fi.facebook.com\/kauneustiara\/\">Tiara Kauneushoitola <\/a><br>ja Instagramista&nbsp;<a href=\"https:\/\/www.instagram.com\/tiarakauneushoitola\/\">@tiarakauneushoitola<\/a><\/p>\n\n\n\n<div class=\"wp-block-buttons is-content-justification-left is-layout-flex wp-container-core-buttons-is-layout-fdcfc74e wp-block-buttons-is-layout-flex\">\n<div class=\"wp-block-button is-style-outline is-style-outline--1\"><a class=\"wp-block-button__link has-background wp-element-button\" href=\"https:\/\/varaa.timma.fi\/kauneushoitolatiara\" style=\"border-radius:7px;background-color:#e0e1e1\">Varaa aika timmasta<\/a><\/div>\n<\/div>\n\n\n\n<p><\/p>\n<\/div><\/div>\n\n\n<style>.kadence-column53_4d4168-fd > .kt-inside-inner-col,.kadence-column53_4d4168-fd > .kt-inside-inner-col:before{border-top-left-radius:0px;border-top-right-radius:0px;border-bottom-right-radius:0px;border-bottom-left-radius:0px;}.kadence-column53_4d4168-fd > .kt-inside-inner-col{column-gap:var(--global-kb-gap-sm, 1rem);}.kadence-column53_4d4168-fd > .kt-inside-inner-col{flex-direction:column;}.kadence-column53_4d4168-fd > .kt-inside-inner-col > .aligncenter{width:100%;}.kadence-column53_4d4168-fd > .kt-inside-inner-col:before{opacity:0.3;}.kadence-column53_4d4168-fd{position:relative;}@media all and (max-width: 1024px){.kadence-column53_4d4168-fd > .kt-inside-inner-col{flex-direction:column;justify-content:center;}}@media all and (max-width: 767px){.kadence-column53_4d4168-fd > .kt-inside-inner-col{flex-direction:column;justify-content:center;}}<\/style>\n<div class=\"wp-block-kadence-column kadence-column53_4d4168-fd\"><div class=\"kt-inside-inner-col\">\n<figure class=\"wp-block-image size-large is-resized\"><a href=\"https:\/\/tiarakauneushoitola.fi\/wp-content\/uploads\/2024\/03\/Taina.jpg\"><img loading=\"lazy\" decoding=\"async\" width=\"534\" height=\"1024\" src=\"https:\/\/tiarakauneushoitola.fi\/wp-content\/uploads\/2024\/03\/Taina-534x1024.jpg\" alt=\"\" class=\"wp-image-611\" style=\"width:280px;height:auto\" srcset=\"https:\/\/tiarakauneushoitola.fi\/wp-content\/uploads\/2024\/03\/Taina-534x1024.jpg 534w, https:\/\/tiarakauneushoitola.fi\/wp-content\/uploads\/2024\/03\/Taina-156x300.jpg 156w, https:\/\/tiarakauneushoitola.fi\/wp-content\/uploads\/2024\/03\/Taina-768x1474.jpg 768w, https:\/\/tiarakauneushoitola.fi\/wp-content\/uploads\/2024\/03\/Taina-800x1536.jpg 800w, https:\/\/tiarakauneushoitola.fi\/wp-content\/uploads\/2024\/03\/Taina-94x180.jpg 94w, https:\/\/tiarakauneushoitola.fi\/wp-content\/uploads\/2024\/03\/Taina.jpg 900w\" sizes=\"auto, (max-width: 534px) 100vw, 534px\" \/><\/a><\/figure>\n<\/div><\/div>\n\n<\/div><\/div>\n\n\n<h4 class=\"wp-block-heading has-text-color has-link-color wp-elements-11752ec565788a0822f4259474ce21b8\" style=\"color:#fb0aaf\">Muista lahjakortit<br><\/h4>\n\n\n\n<figure class=\"wp-block-image size-full is-resized\"><a href=\"https:\/\/tiarakauneushoitola.fi\/wp-content\/uploads\/2020\/01\/animaatio7_uusi.jpg\"><img loading=\"lazy\" decoding=\"async\" width=\"667\" height=\"461\" src=\"https:\/\/tiarakauneushoitola.fi\/wp-content\/uploads\/2020\/01\/animaatio7_uusi.jpg\" alt=\"\" class=\"wp-image-374\" style=\"width:293px;height:auto\" srcset=\"https:\/\/tiarakauneushoitola.fi\/wp-content\/uploads\/2020\/01\/animaatio7_uusi.jpg 667w, https:\/\/tiarakauneushoitola.fi\/wp-content\/uploads\/2020\/01\/animaatio7_uusi-300x207.jpg 300w, https:\/\/tiarakauneushoitola.fi\/wp-content\/uploads\/2020\/01\/animaatio7_uusi-220x152.jpg 220w\" sizes=\"auto, (max-width: 667px) 100vw, 667px\" \/><\/a><\/figure>\n","protected":false},"excerpt":{"rendered":"<p>&nbsp; SKY-erikoiskosmetologi Taina Backlund Ajanvaraus:&nbsp; p. 040 513 1813&nbsp;&nbsp;&nbsp;&nbsp; taimeili: kauneustiara@gmail.comOsoite: Rauhankatu 30 as.206100 Porvoo.K\u00e4ynti sis\u00e4pihan puolelta. Aukioloajat arkisin: 9.00-20.00 \/sop. mukaanla sop. mukaanwww.tiarakauneushoitola.fi L\u00f6yd\u00e4t meid\u00e4t my\u00f6s Facebookista Tiara Kauneushoitola ja Instagramista&nbsp;@tiarakauneushoitola Muista lahjakortit<\/p>\n","protected":false},"author":1,"featured_media":0,"parent":0,"menu_order":0,"comment_status":"closed","ping_status":"closed","template":"","meta":{"footnotes":""},"class_list":["post-53","page","type-page","status-publish"],"yoast_head":"<!-- This site is optimized with the Yoast SEO plugin v27.5 - https:\/\/yoast.com\/product\/yoast-seo-wordpress\/ -->\n<title>TIARA KAUNEUSHOITOLA PORVOO- Yhteystiedot<\/title>\n<meta name=\"description\" content=\"SKY-erikoiskosmetologi, sisustussuunnittelija Taina Backlund, p. 040 513 1813 Rauhankatu 30, as 2 toinen krs, Porvoon vanha kaupunki.\" \/>\n<meta name=\"robots\" content=\"index, follow, max-snippet:-1, max-image-preview:large, max-video-preview:-1\" \/>\n<link rel=\"canonical\" href=\"https:\/\/tiarakauneushoitola.fi\/?page_id=53\" \/>\n<meta property=\"og:locale\" content=\"fi_FI\" \/>\n<meta property=\"og:type\" content=\"article\" \/>\n<meta property=\"og:title\" content=\"TIARA KAUNEUSHOITOLA PORVOO- Yhteystiedot\" \/>\n<meta property=\"og:description\" content=\"SKY-erikoiskosmetologi, sisustussuunnittelija Taina Backlund, p. 040 513 1813 Rauhankatu 30, as 2 toinen krs, Porvoon vanha kaupunki.\" \/>\n<meta property=\"og:url\" content=\"https:\/\/tiarakauneushoitola.fi\/?page_id=53\" \/>\n<meta property=\"og:site_name\" content=\"Tiara Kauneushoitola\" \/>\n<meta property=\"article:publisher\" content=\"https:\/\/www.facebook.com\/kauneustiara\" \/>\n<meta property=\"article:modified_time\" content=\"2024-04-11T11:02:49+00:00\" \/>\n<meta property=\"og:image\" content=\"https:\/\/tiarakauneushoitola.fi\/wp-content\/uploads\/2024\/03\/Taina-534x1024.jpg\" \/>\n<meta name=\"twitter:card\" content=\"summary_large_image\" \/>\n<meta name=\"twitter:label1\" content=\"Arvioitu lukuaika\" \/>\n\t<meta name=\"twitter:data1\" content=\"1 minuutti\" \/>\n<script type=\"application\/ld+json\" class=\"yoast-schema-graph\">{\"@context\":\"https:\\\/\\\/schema.org\",\"@graph\":[{\"@type\":\"WebPage\",\"@id\":\"https:\\\/\\\/tiarakauneushoitola.fi\\\/?page_id=53\",\"url\":\"https:\\\/\\\/tiarakauneushoitola.fi\\\/?page_id=53\",\"name\":\"TIARA KAUNEUSHOITOLA PORVOO- Yhteystiedot\",\"isPartOf\":{\"@id\":\"https:\\\/\\\/tiarakauneushoitola.fi\\\/#website\"},\"primaryImageOfPage\":{\"@id\":\"https:\\\/\\\/tiarakauneushoitola.fi\\\/?page_id=53#primaryimage\"},\"image\":{\"@id\":\"https:\\\/\\\/tiarakauneushoitola.fi\\\/?page_id=53#primaryimage\"},\"thumbnailUrl\":\"https:\\\/\\\/tiarakauneushoitola.fi\\\/wp-content\\\/uploads\\\/2024\\\/03\\\/Taina-534x1024.jpg\",\"datePublished\":\"2016-09-07T12:07:07+00:00\",\"dateModified\":\"2024-04-11T11:02:49+00:00\",\"description\":\"SKY-erikoiskosmetologi, sisustussuunnittelija Taina Backlund, p. 040 513 1813 Rauhankatu 30, as 2 toinen krs, Porvoon vanha kaupunki.\",\"breadcrumb\":{\"@id\":\"https:\\\/\\\/tiarakauneushoitola.fi\\\/?page_id=53#breadcrumb\"},\"inLanguage\":\"fi\",\"potentialAction\":[{\"@type\":\"ReadAction\",\"target\":[\"https:\\\/\\\/tiarakauneushoitola.fi\\\/?page_id=53\"]}]},{\"@type\":\"ImageObject\",\"inLanguage\":\"fi\",\"@id\":\"https:\\\/\\\/tiarakauneushoitola.fi\\\/?page_id=53#primaryimage\",\"url\":\"https:\\\/\\\/tiarakauneushoitola.fi\\\/wp-content\\\/uploads\\\/2024\\\/03\\\/Taina.jpg\",\"contentUrl\":\"https:\\\/\\\/tiarakauneushoitola.fi\\\/wp-content\\\/uploads\\\/2024\\\/03\\\/Taina.jpg\",\"width\":900,\"height\":1727},{\"@type\":\"BreadcrumbList\",\"@id\":\"https:\\\/\\\/tiarakauneushoitola.fi\\\/?page_id=53#breadcrumb\",\"itemListElement\":[{\"@type\":\"ListItem\",\"position\":1,\"name\":\"Home\",\"item\":\"https:\\\/\\\/tiarakauneushoitola.fi\\\/\"},{\"@type\":\"ListItem\",\"position\":2,\"name\":\"YHTEYSTIEDOT\"}]},{\"@type\":\"WebSite\",\"@id\":\"https:\\\/\\\/tiarakauneushoitola.fi\\\/#website\",\"url\":\"https:\\\/\\\/tiarakauneushoitola.fi\\\/\",\"name\":\"Tiara Kauneushoitola\",\"description\":\"\",\"publisher\":{\"@id\":\"https:\\\/\\\/tiarakauneushoitola.fi\\\/#organization\"},\"potentialAction\":[{\"@type\":\"SearchAction\",\"target\":{\"@type\":\"EntryPoint\",\"urlTemplate\":\"https:\\\/\\\/tiarakauneushoitola.fi\\\/?s={search_term_string}\"},\"query-input\":{\"@type\":\"PropertyValueSpecification\",\"valueRequired\":true,\"valueName\":\"search_term_string\"}}],\"inLanguage\":\"fi\"},{\"@type\":\"Organization\",\"@id\":\"https:\\\/\\\/tiarakauneushoitola.fi\\\/#organization\",\"name\":\"Tiara Kauneushoitola\",\"url\":\"https:\\\/\\\/tiarakauneushoitola.fi\\\/\",\"logo\":{\"@type\":\"ImageObject\",\"inLanguage\":\"fi\",\"@id\":\"https:\\\/\\\/tiarakauneushoitola.fi\\\/#\\\/schema\\\/logo\\\/image\\\/\",\"url\":\"https:\\\/\\\/tiarakauneushoitola.fi\\\/wp-content\\\/uploads\\\/2017\\\/04\\\/Tiara_logo_valk100x50-kopio.jpg\",\"contentUrl\":\"https:\\\/\\\/tiarakauneushoitola.fi\\\/wp-content\\\/uploads\\\/2017\\\/04\\\/Tiara_logo_valk100x50-kopio.jpg\",\"width\":787,\"height\":305,\"caption\":\"Tiara Kauneushoitola\"},\"image\":{\"@id\":\"https:\\\/\\\/tiarakauneushoitola.fi\\\/#\\\/schema\\\/logo\\\/image\\\/\"},\"sameAs\":[\"https:\\\/\\\/www.facebook.com\\\/kauneustiara\"]}]}<\/script>\n<!-- \/ Yoast SEO plugin. -->","yoast_head_json":{"title":"TIARA KAUNEUSHOITOLA PORVOO- Yhteystiedot","description":"SKY-erikoiskosmetologi, sisustussuunnittelija Taina Backlund, p. 040 513 1813 Rauhankatu 30, as 2 toinen krs, Porvoon vanha kaupunki.","robots":{"index":"index","follow":"follow","max-snippet":"max-snippet:-1","max-image-preview":"max-image-preview:large","max-video-preview":"max-video-preview:-1"},"canonical":"https:\/\/tiarakauneushoitola.fi\/?page_id=53","og_locale":"fi_FI","og_type":"article","og_title":"TIARA KAUNEUSHOITOLA PORVOO- Yhteystiedot","og_description":"SKY-erikoiskosmetologi, sisustussuunnittelija Taina Backlund, p. 040 513 1813 Rauhankatu 30, as 2 toinen krs, Porvoon vanha kaupunki.","og_url":"https:\/\/tiarakauneushoitola.fi\/?page_id=53","og_site_name":"Tiara Kauneushoitola","article_publisher":"https:\/\/www.facebook.com\/kauneustiara","article_modified_time":"2024-04-11T11:02:49+00:00","og_image":[{"url":"https:\/\/tiarakauneushoitola.fi\/wp-content\/uploads\/2024\/03\/Taina-534x1024.jpg","type":"","width":"","height":""}],"twitter_card":"summary_large_image","twitter_misc":{"Arvioitu lukuaika":"1 minuutti"},"schema":{"@context":"https:\/\/schema.org","@graph":[{"@type":"WebPage","@id":"https:\/\/tiarakauneushoitola.fi\/?page_id=53","url":"https:\/\/tiarakauneushoitola.fi\/?page_id=53","name":"TIARA KAUNEUSHOITOLA PORVOO- Yhteystiedot","isPartOf":{"@id":"https:\/\/tiarakauneushoitola.fi\/#website"},"primaryImageOfPage":{"@id":"https:\/\/tiarakauneushoitola.fi\/?page_id=53#primaryimage"},"image":{"@id":"https:\/\/tiarakauneushoitola.fi\/?page_id=53#primaryimage"},"thumbnailUrl":"https:\/\/tiarakauneushoitola.fi\/wp-content\/uploads\/2024\/03\/Taina-534x1024.jpg","datePublished":"2016-09-07T12:07:07+00:00","dateModified":"2024-04-11T11:02:49+00:00","description":"SKY-erikoiskosmetologi, sisustussuunnittelija Taina Backlund, p. 040 513 1813 Rauhankatu 30, as 2 toinen krs, Porvoon vanha kaupunki.","breadcrumb":{"@id":"https:\/\/tiarakauneushoitola.fi\/?page_id=53#breadcrumb"},"inLanguage":"fi","potentialAction":[{"@type":"ReadAction","target":["https:\/\/tiarakauneushoitola.fi\/?page_id=53"]}]},{"@type":"ImageObject","inLanguage":"fi","@id":"https:\/\/tiarakauneushoitola.fi\/?page_id=53#primaryimage","url":"https:\/\/tiarakauneushoitola.fi\/wp-content\/uploads\/2024\/03\/Taina.jpg","contentUrl":"https:\/\/tiarakauneushoitola.fi\/wp-content\/uploads\/2024\/03\/Taina.jpg","width":900,"height":1727},{"@type":"BreadcrumbList","@id":"https:\/\/tiarakauneushoitola.fi\/?page_id=53#breadcrumb","itemListElement":[{"@type":"ListItem","position":1,"name":"Home","item":"https:\/\/tiarakauneushoitola.fi\/"},{"@type":"ListItem","position":2,"name":"YHTEYSTIEDOT"}]},{"@type":"WebSite","@id":"https:\/\/tiarakauneushoitola.fi\/#website","url":"https:\/\/tiarakauneushoitola.fi\/","name":"Tiara Kauneushoitola","description":"","publisher":{"@id":"https:\/\/tiarakauneushoitola.fi\/#organization"},"potentialAction":[{"@type":"SearchAction","target":{"@type":"EntryPoint","urlTemplate":"https:\/\/tiarakauneushoitola.fi\/?s={search_term_string}"},"query-input":{"@type":"PropertyValueSpecification","valueRequired":true,"valueName":"search_term_string"}}],"inLanguage":"fi"},{"@type":"Organization","@id":"https:\/\/tiarakauneushoitola.fi\/#organization","name":"Tiara Kauneushoitola","url":"https:\/\/tiarakauneushoitola.fi\/","logo":{"@type":"ImageObject","inLanguage":"fi","@id":"https:\/\/tiarakauneushoitola.fi\/#\/schema\/logo\/image\/","url":"https:\/\/tiarakauneushoitola.fi\/wp-content\/uploads\/2017\/04\/Tiara_logo_valk100x50-kopio.jpg","contentUrl":"https:\/\/tiarakauneushoitola.fi\/wp-content\/uploads\/2017\/04\/Tiara_logo_valk100x50-kopio.jpg","width":787,"height":305,"caption":"Tiara Kauneushoitola"},"image":{"@id":"https:\/\/tiarakauneushoitola.fi\/#\/schema\/logo\/image\/"},"sameAs":["https:\/\/www.facebook.com\/kauneustiara"]}]}},"_links":{"self":[{"href":"https:\/\/tiarakauneushoitola.fi\/index.php?rest_route=\/wp\/v2\/pages\/53","targetHints":{"allow":["GET"]}}],"collection":[{"href":"https:\/\/tiarakauneushoitola.fi\/index.php?rest_route=\/wp\/v2\/pages"}],"about":[{"href":"https:\/\/tiarakauneushoitola.fi\/index.php?rest_route=\/wp\/v2\/types\/page"}],"author":[{"embeddable":true,"href":"https:\/\/tiarakauneushoitola.fi\/index.php?rest_route=\/wp\/v2\/users\/1"}],"replies":[{"embeddable":true,"href":"https:\/\/tiarakauneushoitola.fi\/index.php?rest_route=%2Fwp%2Fv2%2Fcomments&post=53"}],"version-history":[{"count":49,"href":"https:\/\/tiarakauneushoitola.fi\/index.php?rest_route=\/wp\/v2\/pages\/53\/revisions"}],"predecessor-version":[{"id":921,"href":"https:\/\/tiarakauneushoitola.fi\/index.php?rest_route=\/wp\/v2\/pages\/53\/revisions\/921"}],"wp:attachment":[{"href":"https:\/\/tiarakauneushoitola.fi\/index.php?rest_route=%2Fwp%2Fv2%2Fmedia&parent=53"}],"curies":[{"name":"wp","href":"https:\/\/api.w.org\/{rel}","templated":true}]}}