{"id":567,"date":"2024-03-26T07:15:51","date_gmt":"2024-03-26T07:15:51","guid":{"rendered":"https:\/\/tiarakauneushoitola.fi\/?page_id=567"},"modified":"2024-04-12T06:24:15","modified_gmt":"2024-04-12T06:24:15","slug":"ripset-kulmat","status":"publish","type":"page","link":"https:\/\/tiarakauneushoitola.fi\/?page_id=567","title":{"rendered":"RIPSET\/KULMAT"},"content":{"rendered":"\n<div class=\"wp-block-columns is-layout-flex wp-container-core-columns-is-layout-9d6595d7 wp-block-columns-is-layout-flex\">\n<div class=\"wp-block-column is-layout-flow wp-block-column-is-layout-flow\"><style>.kb-row-layout-wrap.wp-block-kadence-rowlayout.kb-row-layout-id567_c678f3-01{margin-bottom:0px;}.kb-row-layout-id567_c678f3-01 > .kt-row-column-wrap{align-content:start;}:where(.kb-row-layout-id567_c678f3-01 > .kt-row-column-wrap) > .wp-block-kadence-column{justify-content:start;}.kb-row-layout-id567_c678f3-01 > .kt-row-column-wrap{column-gap:var(--global-kb-gap-md, 2rem);row-gap:var(--global-kb-gap-md, 2rem);padding-top:var(--global-kb-spacing-sm, 1.5rem);padding-bottom:var(--global-kb-spacing-sm, 1.5rem);grid-template-columns:minmax(0, 1fr);}.kb-row-layout-id567_c678f3-01 > .kt-row-layout-overlay{opacity:0.30;}@media all and (max-width: 1024px){.kb-row-layout-id567_c678f3-01 > .kt-row-column-wrap{grid-template-columns:minmax(0, 1fr);}}@media all and (max-width: 767px){.kb-row-layout-id567_c678f3-01 > .kt-row-column-wrap{grid-template-columns:minmax(0, 1fr);}}<\/style><div class=\"kb-row-layout-wrap kb-row-layout-id567_c678f3-01 alignnone wp-block-kadence-rowlayout\"><div class=\"kt-row-column-wrap kt-has-1-columns kt-row-layout-equal kt-tab-layout-inherit kt-mobile-layout-row kt-row-valign-top\">\n<style>.kadence-column567_cbf15a-c9 > .kt-inside-inner-col{padding-left:var(--global-kb-spacing-sm, 1.5rem);}.kadence-column567_cbf15a-c9 > .kt-inside-inner-col,.kadence-column567_cbf15a-c9 > .kt-inside-inner-col:before{border-top-left-radius:0px;border-top-right-radius:0px;border-bottom-right-radius:0px;border-bottom-left-radius:0px;}.kadence-column567_cbf15a-c9 > .kt-inside-inner-col{column-gap:var(--global-kb-gap-sm, 1rem);}.kadence-column567_cbf15a-c9 > .kt-inside-inner-col{flex-direction:column;}.kadence-column567_cbf15a-c9 > .kt-inside-inner-col > .aligncenter{width:100%;}.kadence-column567_cbf15a-c9 > .kt-inside-inner-col{background-color:var(--base-3);}.kadence-column567_cbf15a-c9 > .kt-inside-inner-col:before{opacity:0.3;}.kadence-column567_cbf15a-c9{position:relative;}@media all and (max-width: 1024px){.kadence-column567_cbf15a-c9 > .kt-inside-inner-col{flex-direction:column;justify-content:center;}}@media all and (max-width: 767px){.kadence-column567_cbf15a-c9 > .kt-inside-inner-col{flex-direction:column;justify-content:center;}}<\/style>\n<div class=\"wp-block-kadence-column kadence-column567_cbf15a-c9\"><div class=\"kt-inside-inner-col\">\n<h4 class=\"wp-block-heading\" style=\"font-size:22px\"><br>Kauniit silm\u00e4t kehyst\u00e4v\u00e4t kasvot.<br>Ripsien ja kulmien v\u00e4rit, kulmien laminointi, kest\u00e4v\u00e4t henna kulmat, Yumi lashes ja Yumi brows.<\/h4>\n\n\n\n<figure class=\"wp-block-image size-large is-resized\"><a href=\"https:\/\/tiarakauneushoitola.fi\/wp-content\/uploads\/2020\/01\/24cc80ee-baec-4239-b1fe-65ba97d99547.jpg\"><img loading=\"lazy\" decoding=\"async\" width=\"1024\" height=\"963\" src=\"https:\/\/tiarakauneushoitola.fi\/wp-content\/uploads\/2020\/01\/24cc80ee-baec-4239-b1fe-65ba97d99547-1024x963.jpg\" alt=\"Henna v\u00e4rj\u00e4tyt kulmakarvat ja taivutetut  v\u00e4rj\u00e4tyt silm\u00e4ripset.\" class=\"wp-image-291\" style=\"width:345px;height:auto\" srcset=\"https:\/\/tiarakauneushoitola.fi\/wp-content\/uploads\/2020\/01\/24cc80ee-baec-4239-b1fe-65ba97d99547.jpg 1024w, https:\/\/tiarakauneushoitola.fi\/wp-content\/uploads\/2020\/01\/24cc80ee-baec-4239-b1fe-65ba97d99547-300x282.jpg 300w, https:\/\/tiarakauneushoitola.fi\/wp-content\/uploads\/2020\/01\/24cc80ee-baec-4239-b1fe-65ba97d99547-768x722.jpg 768w, https:\/\/tiarakauneushoitola.fi\/wp-content\/uploads\/2020\/01\/24cc80ee-baec-4239-b1fe-65ba97d99547-191x180.jpg 191w\" sizes=\"auto, (max-width: 1024px) 100vw, 1024px\" \/><\/a><\/figure>\n\n\n\n<p><br><strong>Ripsien v\u00e4rj\u00e4ys<\/strong><br>Ripsien v\u00e4rj\u00e4ys kestov\u00e4rill\u00e4. 20,00 \u20ac <\/p>\n\n\n\n<p><strong>Kulmien v\u00e4rj\u00e4ys ja muotoilu<\/strong><br>Kulmien muotoilu sokerilla ja v\u00e4rj\u00e4ys kestov\u00e4rill\u00e4. 27,00 \u20ac <br><br><strong>Ripsien ja kulmien v\u00e4rj\u00e4ys ja kulmien muotoilu sokerilla<\/strong><br>Ripsien ja kulmien v\u00e4rj\u00e4ys kestov\u00e4rill\u00e4 sek\u00e4 kulmien muotoilu.<br>37,00 \u20ac <\/p>\n\n\n\n<p><strong>Yumi lashes ripsien kestotaivutus<\/strong><br>Ripsien kestotaivutus &amp; v\u00e4rj\u00e4ys. Kestotaivutus pysyy ripsiss\u00e4 noin 4- 8 viikkoa.<br>95,00 \u20ac <\/p>\n\n\n\n<p><strong>Kulmien laminointi eli brow lift<\/strong><br>Kulmien laminointi eli brow lift on kulmakarvojen kestomuotoilu, jossa kulmakarvat pehmennet\u00e4\u00e4n, muotoillaan ja kiinnitet\u00e4\u00e4n haluttuun muotoon. <br>Sis\u00e4lt\u00e4\u00e4 v\u00e4rj\u00e4yksen.<br>55,00 \u20ac <br><br><strong>Yumi lashes ja Yumi brows<\/strong><br>Ripsien ja kulmien kestotaivutus sek\u00e4 v\u00e4rj\u00e4ys. 145,00 \u20ac <\/p>\n\n\n\n<p class=\"has-black-color has-text-color has-link-color wp-elements-048a9affa819560732bb486d382b1e69\"><strong><a href=\"https:\/\/www.facebook.com\/jtesteticoulu\/videos\/mik%C3%A4-on-henna-kulmien-v%C3%A4rj%C3%A4yshenna-on-luonnollinen-v%C3%A4riainesen-komponentit-helpo\/3816980391743903\/\">Henna kulmat<\/a><\/strong><br>Hennav\u00e4rill\u00e4 saa kest\u00e4v\u00e4mm\u00e4n tuloksen kuin kestov\u00e4reill\u00e4. 48,00 \u20ac <\/p>\n<\/div><\/div>\n\n<\/div><\/div>\n\n\n<p><\/p>\n<\/div>\n<\/div>\n","protected":false},"excerpt":{"rendered":"<p>Kauniit silm\u00e4t kehyst\u00e4v\u00e4t kasvot.Ripsien ja kulmien v\u00e4rit, kulmien laminointi, kest\u00e4v\u00e4t henna kulmat, Yumi lashes ja Yumi brows. Ripsien v\u00e4rj\u00e4ysRipsien v\u00e4rj\u00e4ys kestov\u00e4rill\u00e4. 20,00 \u20ac Kulmien v\u00e4rj\u00e4ys ja muotoiluKulmien muotoilu sokerilla ja v\u00e4rj\u00e4ys kestov\u00e4rill\u00e4. 27,00 \u20ac Ripsien ja kulmien v\u00e4rj\u00e4ys ja kulmien muotoilu sokerillaRipsien ja kulmien v\u00e4rj\u00e4ys kestov\u00e4rill\u00e4 sek\u00e4 kulmien muotoilu.37,00 \u20ac Yumi lashes ripsien kestotaivutusRipsien kestotaivutus &#8230; <a title=\"RIPSET\/KULMAT\" class=\"read-more\" href=\"https:\/\/tiarakauneushoitola.fi\/?page_id=567\" aria-label=\"Lue lis\u00e4\u00e4 aiheesta RIPSET\/KULMAT\">Lue lis\u00e4\u00e4<\/a><\/p>\n","protected":false},"author":1,"featured_media":0,"parent":0,"menu_order":0,"comment_status":"closed","ping_status":"closed","template":"","meta":{"footnotes":""},"class_list":["post-567","page","type-page","status-publish"],"yoast_head":"<!-- This site is optimized with the Yoast SEO plugin v27.5 - https:\/\/yoast.com\/product\/yoast-seo-wordpress\/ -->\n<title>RIPSET\/KULMAT - Tiara Kauneushoitola<\/title>\n<meta name=\"description\" content=\"Kauniit silm\u00e4t kehyst\u00e4v\u00e4t kasvot. Ripsien ja kulmien v\u00e4rit, kulmien laminointi, kest\u00e4v\u00e4t henna kulmat, Yumi lashes ja Yumi brows.\" \/>\n<meta name=\"robots\" content=\"index, follow, max-snippet:-1, max-image-preview:large, max-video-preview:-1\" \/>\n<link rel=\"canonical\" href=\"https:\/\/tiarakauneushoitola.fi\/?page_id=567\" \/>\n<meta property=\"og:locale\" content=\"fi_FI\" \/>\n<meta property=\"og:type\" content=\"article\" \/>\n<meta property=\"og:title\" content=\"RIPSET\/KULMAT - Tiara Kauneushoitola\" \/>\n<meta property=\"og:description\" content=\"Kauniit silm\u00e4t kehyst\u00e4v\u00e4t kasvot. Ripsien ja kulmien v\u00e4rit, kulmien laminointi, kest\u00e4v\u00e4t henna kulmat, Yumi lashes ja Yumi brows.\" \/>\n<meta property=\"og:url\" content=\"https:\/\/tiarakauneushoitola.fi\/?page_id=567\" \/>\n<meta property=\"og:site_name\" content=\"Tiara Kauneushoitola\" \/>\n<meta property=\"article:publisher\" content=\"https:\/\/www.facebook.com\/kauneustiara\" \/>\n<meta property=\"article:modified_time\" content=\"2024-04-12T06:24:15+00:00\" \/>\n<meta property=\"og:image\" content=\"https:\/\/tiarakauneushoitola.fi\/wp-content\/uploads\/2020\/01\/24cc80ee-baec-4239-b1fe-65ba97d99547-1024x963.jpg\" \/>\n<meta name=\"twitter:card\" content=\"summary_large_image\" \/>\n<meta name=\"twitter:label1\" content=\"Arvioitu lukuaika\" \/>\n\t<meta name=\"twitter:data1\" content=\"1 minuutti\" \/>\n<script type=\"application\/ld+json\" class=\"yoast-schema-graph\">{\"@context\":\"https:\\\/\\\/schema.org\",\"@graph\":[{\"@type\":\"WebPage\",\"@id\":\"https:\\\/\\\/tiarakauneushoitola.fi\\\/?page_id=567\",\"url\":\"https:\\\/\\\/tiarakauneushoitola.fi\\\/?page_id=567\",\"name\":\"RIPSET\\\/KULMAT - Tiara Kauneushoitola\",\"isPartOf\":{\"@id\":\"https:\\\/\\\/tiarakauneushoitola.fi\\\/#website\"},\"primaryImageOfPage\":{\"@id\":\"https:\\\/\\\/tiarakauneushoitola.fi\\\/?page_id=567#primaryimage\"},\"image\":{\"@id\":\"https:\\\/\\\/tiarakauneushoitola.fi\\\/?page_id=567#primaryimage\"},\"thumbnailUrl\":\"https:\\\/\\\/tiarakauneushoitola.fi\\\/wp-content\\\/uploads\\\/2020\\\/01\\\/24cc80ee-baec-4239-b1fe-65ba97d99547-1024x963.jpg\",\"datePublished\":\"2024-03-26T07:15:51+00:00\",\"dateModified\":\"2024-04-12T06:24:15+00:00\",\"description\":\"Kauniit silm\u00e4t kehyst\u00e4v\u00e4t kasvot. Ripsien ja kulmien v\u00e4rit, kulmien laminointi, kest\u00e4v\u00e4t henna kulmat, Yumi lashes ja Yumi brows.\",\"breadcrumb\":{\"@id\":\"https:\\\/\\\/tiarakauneushoitola.fi\\\/?page_id=567#breadcrumb\"},\"inLanguage\":\"fi\",\"potentialAction\":[{\"@type\":\"ReadAction\",\"target\":[\"https:\\\/\\\/tiarakauneushoitola.fi\\\/?page_id=567\"]}]},{\"@type\":\"ImageObject\",\"inLanguage\":\"fi\",\"@id\":\"https:\\\/\\\/tiarakauneushoitola.fi\\\/?page_id=567#primaryimage\",\"url\":\"https:\\\/\\\/tiarakauneushoitola.fi\\\/wp-content\\\/uploads\\\/2020\\\/01\\\/24cc80ee-baec-4239-b1fe-65ba97d99547.jpg\",\"contentUrl\":\"https:\\\/\\\/tiarakauneushoitola.fi\\\/wp-content\\\/uploads\\\/2020\\\/01\\\/24cc80ee-baec-4239-b1fe-65ba97d99547.jpg\",\"width\":1024,\"height\":963},{\"@type\":\"BreadcrumbList\",\"@id\":\"https:\\\/\\\/tiarakauneushoitola.fi\\\/?page_id=567#breadcrumb\",\"itemListElement\":[{\"@type\":\"ListItem\",\"position\":1,\"name\":\"Home\",\"item\":\"https:\\\/\\\/tiarakauneushoitola.fi\\\/\"},{\"@type\":\"ListItem\",\"position\":2,\"name\":\"RIPSET\\\/KULMAT\"}]},{\"@type\":\"WebSite\",\"@id\":\"https:\\\/\\\/tiarakauneushoitola.fi\\\/#website\",\"url\":\"https:\\\/\\\/tiarakauneushoitola.fi\\\/\",\"name\":\"Tiara Kauneushoitola\",\"description\":\"\",\"publisher\":{\"@id\":\"https:\\\/\\\/tiarakauneushoitola.fi\\\/#organization\"},\"potentialAction\":[{\"@type\":\"SearchAction\",\"target\":{\"@type\":\"EntryPoint\",\"urlTemplate\":\"https:\\\/\\\/tiarakauneushoitola.fi\\\/?s={search_term_string}\"},\"query-input\":{\"@type\":\"PropertyValueSpecification\",\"valueRequired\":true,\"valueName\":\"search_term_string\"}}],\"inLanguage\":\"fi\"},{\"@type\":\"Organization\",\"@id\":\"https:\\\/\\\/tiarakauneushoitola.fi\\\/#organization\",\"name\":\"Tiara Kauneushoitola\",\"url\":\"https:\\\/\\\/tiarakauneushoitola.fi\\\/\",\"logo\":{\"@type\":\"ImageObject\",\"inLanguage\":\"fi\",\"@id\":\"https:\\\/\\\/tiarakauneushoitola.fi\\\/#\\\/schema\\\/logo\\\/image\\\/\",\"url\":\"https:\\\/\\\/tiarakauneushoitola.fi\\\/wp-content\\\/uploads\\\/2017\\\/04\\\/Tiara_logo_valk100x50-kopio.jpg\",\"contentUrl\":\"https:\\\/\\\/tiarakauneushoitola.fi\\\/wp-content\\\/uploads\\\/2017\\\/04\\\/Tiara_logo_valk100x50-kopio.jpg\",\"width\":787,\"height\":305,\"caption\":\"Tiara Kauneushoitola\"},\"image\":{\"@id\":\"https:\\\/\\\/tiarakauneushoitola.fi\\\/#\\\/schema\\\/logo\\\/image\\\/\"},\"sameAs\":[\"https:\\\/\\\/www.facebook.com\\\/kauneustiara\"]}]}<\/script>\n<!-- \/ Yoast SEO plugin. -->","yoast_head_json":{"title":"RIPSET\/KULMAT - Tiara Kauneushoitola","description":"Kauniit silm\u00e4t kehyst\u00e4v\u00e4t kasvot. Ripsien ja kulmien v\u00e4rit, kulmien laminointi, kest\u00e4v\u00e4t henna kulmat, Yumi lashes ja Yumi brows.","robots":{"index":"index","follow":"follow","max-snippet":"max-snippet:-1","max-image-preview":"max-image-preview:large","max-video-preview":"max-video-preview:-1"},"canonical":"https:\/\/tiarakauneushoitola.fi\/?page_id=567","og_locale":"fi_FI","og_type":"article","og_title":"RIPSET\/KULMAT - Tiara Kauneushoitola","og_description":"Kauniit silm\u00e4t kehyst\u00e4v\u00e4t kasvot. Ripsien ja kulmien v\u00e4rit, kulmien laminointi, kest\u00e4v\u00e4t henna kulmat, Yumi lashes ja Yumi brows.","og_url":"https:\/\/tiarakauneushoitola.fi\/?page_id=567","og_site_name":"Tiara Kauneushoitola","article_publisher":"https:\/\/www.facebook.com\/kauneustiara","article_modified_time":"2024-04-12T06:24:15+00:00","og_image":[{"url":"https:\/\/tiarakauneushoitola.fi\/wp-content\/uploads\/2020\/01\/24cc80ee-baec-4239-b1fe-65ba97d99547-1024x963.jpg","type":"","width":"","height":""}],"twitter_card":"summary_large_image","twitter_misc":{"Arvioitu lukuaika":"1 minuutti"},"schema":{"@context":"https:\/\/schema.org","@graph":[{"@type":"WebPage","@id":"https:\/\/tiarakauneushoitola.fi\/?page_id=567","url":"https:\/\/tiarakauneushoitola.fi\/?page_id=567","name":"RIPSET\/KULMAT - Tiara Kauneushoitola","isPartOf":{"@id":"https:\/\/tiarakauneushoitola.fi\/#website"},"primaryImageOfPage":{"@id":"https:\/\/tiarakauneushoitola.fi\/?page_id=567#primaryimage"},"image":{"@id":"https:\/\/tiarakauneushoitola.fi\/?page_id=567#primaryimage"},"thumbnailUrl":"https:\/\/tiarakauneushoitola.fi\/wp-content\/uploads\/2020\/01\/24cc80ee-baec-4239-b1fe-65ba97d99547-1024x963.jpg","datePublished":"2024-03-26T07:15:51+00:00","dateModified":"2024-04-12T06:24:15+00:00","description":"Kauniit silm\u00e4t kehyst\u00e4v\u00e4t kasvot. Ripsien ja kulmien v\u00e4rit, kulmien laminointi, kest\u00e4v\u00e4t henna kulmat, Yumi lashes ja Yumi brows.","breadcrumb":{"@id":"https:\/\/tiarakauneushoitola.fi\/?page_id=567#breadcrumb"},"inLanguage":"fi","potentialAction":[{"@type":"ReadAction","target":["https:\/\/tiarakauneushoitola.fi\/?page_id=567"]}]},{"@type":"ImageObject","inLanguage":"fi","@id":"https:\/\/tiarakauneushoitola.fi\/?page_id=567#primaryimage","url":"https:\/\/tiarakauneushoitola.fi\/wp-content\/uploads\/2020\/01\/24cc80ee-baec-4239-b1fe-65ba97d99547.jpg","contentUrl":"https:\/\/tiarakauneushoitola.fi\/wp-content\/uploads\/2020\/01\/24cc80ee-baec-4239-b1fe-65ba97d99547.jpg","width":1024,"height":963},{"@type":"BreadcrumbList","@id":"https:\/\/tiarakauneushoitola.fi\/?page_id=567#breadcrumb","itemListElement":[{"@type":"ListItem","position":1,"name":"Home","item":"https:\/\/tiarakauneushoitola.fi\/"},{"@type":"ListItem","position":2,"name":"RIPSET\/KULMAT"}]},{"@type":"WebSite","@id":"https:\/\/tiarakauneushoitola.fi\/#website","url":"https:\/\/tiarakauneushoitola.fi\/","name":"Tiara Kauneushoitola","description":"","publisher":{"@id":"https:\/\/tiarakauneushoitola.fi\/#organization"},"potentialAction":[{"@type":"SearchAction","target":{"@type":"EntryPoint","urlTemplate":"https:\/\/tiarakauneushoitola.fi\/?s={search_term_string}"},"query-input":{"@type":"PropertyValueSpecification","valueRequired":true,"valueName":"search_term_string"}}],"inLanguage":"fi"},{"@type":"Organization","@id":"https:\/\/tiarakauneushoitola.fi\/#organization","name":"Tiara Kauneushoitola","url":"https:\/\/tiarakauneushoitola.fi\/","logo":{"@type":"ImageObject","inLanguage":"fi","@id":"https:\/\/tiarakauneushoitola.fi\/#\/schema\/logo\/image\/","url":"https:\/\/tiarakauneushoitola.fi\/wp-content\/uploads\/2017\/04\/Tiara_logo_valk100x50-kopio.jpg","contentUrl":"https:\/\/tiarakauneushoitola.fi\/wp-content\/uploads\/2017\/04\/Tiara_logo_valk100x50-kopio.jpg","width":787,"height":305,"caption":"Tiara Kauneushoitola"},"image":{"@id":"https:\/\/tiarakauneushoitola.fi\/#\/schema\/logo\/image\/"},"sameAs":["https:\/\/www.facebook.com\/kauneustiara"]}]}},"_links":{"self":[{"href":"https:\/\/tiarakauneushoitola.fi\/index.php?rest_route=\/wp\/v2\/pages\/567","targetHints":{"allow":["GET"]}}],"collection":[{"href":"https:\/\/tiarakauneushoitola.fi\/index.php?rest_route=\/wp\/v2\/pages"}],"about":[{"href":"https:\/\/tiarakauneushoitola.fi\/index.php?rest_route=\/wp\/v2\/types\/page"}],"author":[{"embeddable":true,"href":"https:\/\/tiarakauneushoitola.fi\/index.php?rest_route=\/wp\/v2\/users\/1"}],"replies":[{"embeddable":true,"href":"https:\/\/tiarakauneushoitola.fi\/index.php?rest_route=%2Fwp%2Fv2%2Fcomments&post=567"}],"version-history":[{"count":20,"href":"https:\/\/tiarakauneushoitola.fi\/index.php?rest_route=\/wp\/v2\/pages\/567\/revisions"}],"predecessor-version":[{"id":975,"href":"https:\/\/tiarakauneushoitola.fi\/index.php?rest_route=\/wp\/v2\/pages\/567\/revisions\/975"}],"wp:attachment":[{"href":"https:\/\/tiarakauneushoitola.fi\/index.php?rest_route=%2Fwp%2Fv2%2Fmedia&parent=567"}],"curies":[{"name":"wp","href":"https:\/\/api.w.org\/{rel}","templated":true}]}}