{"id":580,"date":"2024-03-26T08:17:14","date_gmt":"2024-03-26T08:17:14","guid":{"rendered":"https:\/\/tiarakauneushoitola.fi\/?page_id=580"},"modified":"2024-04-12T07:01:32","modified_gmt":"2024-04-12T07:01:32","slug":"sokerointi-2","status":"publish","type":"page","link":"https:\/\/tiarakauneushoitola.fi\/?page_id=580","title":{"rendered":"SOKEROINTI"},"content":{"rendered":"<style>.kb-row-layout-wrap.wp-block-kadence-rowlayout.kb-row-layout-id580_f91432-f6{margin-bottom:0px;}.kb-row-layout-id580_f91432-f6 > .kt-row-column-wrap{align-content:start;}:where(.kb-row-layout-id580_f91432-f6 > .kt-row-column-wrap) > .wp-block-kadence-column{justify-content:start;}.kb-row-layout-id580_f91432-f6 > .kt-row-column-wrap{column-gap:var(--global-kb-gap-md, 2rem);row-gap:var(--global-kb-gap-md, 2rem);padding-top:var(--global-kb-spacing-sm, 1.5rem);padding-bottom:var(--global-kb-spacing-sm, 1.5rem);grid-template-columns:minmax(0, 1fr);}.kb-row-layout-id580_f91432-f6 > .kt-row-layout-overlay{opacity:0.30;}@media all and (max-width: 1024px){.kb-row-layout-id580_f91432-f6 > .kt-row-column-wrap{grid-template-columns:minmax(0, 1fr);}}@media all and (max-width: 767px){.kb-row-layout-id580_f91432-f6 > .kt-row-column-wrap{grid-template-columns:minmax(0, 1fr);}}<\/style><div class=\"kb-row-layout-wrap kb-row-layout-id580_f91432-f6 alignnone wp-block-kadence-rowlayout\"><div class=\"kt-row-column-wrap kt-has-1-columns kt-row-layout-equal kt-tab-layout-inherit kt-mobile-layout-row kt-row-valign-top\">\n<style>.kadence-column580_a41756-a0 > .kt-inside-inner-col{padding-left:var(--global-kb-spacing-md, 2rem);}.kadence-column580_a41756-a0 > .kt-inside-inner-col,.kadence-column580_a41756-a0 > .kt-inside-inner-col:before{border-top-left-radius:0px;border-top-right-radius:0px;border-bottom-right-radius:0px;border-bottom-left-radius:0px;}.kadence-column580_a41756-a0 > .kt-inside-inner-col{column-gap:var(--global-kb-gap-sm, 1rem);}.kadence-column580_a41756-a0 > .kt-inside-inner-col{flex-direction:column;}.kadence-column580_a41756-a0 > .kt-inside-inner-col > .aligncenter{width:100%;}.kadence-column580_a41756-a0 > .kt-inside-inner-col{background-color:var(--base-3);}.kadence-column580_a41756-a0 > .kt-inside-inner-col:before{opacity:0.3;}.kadence-column580_a41756-a0{position:relative;}@media all and (max-width: 1024px){.kadence-column580_a41756-a0 > .kt-inside-inner-col{flex-direction:column;justify-content:center;}}@media all and (max-width: 767px){.kadence-column580_a41756-a0 > .kt-inside-inner-col{flex-direction:column;justify-content:center;}}<\/style>\n<div class=\"wp-block-kadence-column kadence-column580_a41756-a0\"><div class=\"kt-inside-inner-col\">\n<h3 class=\"wp-block-heading has-black-color has-text-color has-link-color wp-elements-be750610336d773d344ca0134b90f584\" style=\"font-size:20px\"><br>SOKEROINNIT AMMATTITAIDOLLA<\/h3>\n\n\n\n<h3 class=\"wp-block-heading has-black-color has-text-color has-link-color wp-elements-33f70421f1494bcc95b3da745ddacbd3\" style=\"font-size:20px\"><br><strong>Sokerointi on hell\u00e4varainen, tehokas ja kaikille ihotyypeille sopiva karvanpoistomenetelm\u00e4.<\/strong> Tiara Kauneushoitola Rauhankatu 30, Porvoo.<br><br>Vartalosokeroinnissa sokerin ja oikean tekniikan avulla saadaan ihokarvojen lis\u00e4ksi poistettua hell\u00e4varaisesti -mutta tehokkaasti- my\u00f6s kuollut ihosolukko. Tuloksena on karvaton, pehme\u00e4, silkkinen ja terve iho.<\/h3>\n\n\n\n<h2 class=\"wp-block-heading has-black-color has-text-color has-link-color wp-elements-2bfc346c8f8704d4f9f740f01d8d9e7b\" style=\"font-size:25px\">Tutustu palveluihimme!<br><\/h2>\n\n\n\n<figure class=\"wp-block-image size-full is-resized\"><a href=\"https:\/\/tiarakauneushoitola.fi\/wp-content\/uploads\/2024\/03\/body-sugaring.jpg\"><img loading=\"lazy\" decoding=\"async\" width=\"845\" height=\"684\" src=\"https:\/\/tiarakauneushoitola.fi\/wp-content\/uploads\/2024\/03\/body-sugaring.jpg\" alt=\"Reiden sokerointi, body sugaring, kosmetologin tekem\u00e4n\u00e4 Porvoossa.\" class=\"wp-image-581\" style=\"width:595px;height:auto\" srcset=\"https:\/\/tiarakauneushoitola.fi\/wp-content\/uploads\/2024\/03\/body-sugaring.jpg 845w, https:\/\/tiarakauneushoitola.fi\/wp-content\/uploads\/2024\/03\/body-sugaring-300x243.jpg 300w, https:\/\/tiarakauneushoitola.fi\/wp-content\/uploads\/2024\/03\/body-sugaring-768x622.jpg 768w, https:\/\/tiarakauneushoitola.fi\/wp-content\/uploads\/2024\/03\/body-sugaring-220x178.jpg 220w\" sizes=\"auto, (max-width: 845px) 100vw, 845px\" \/><\/a><\/figure>\n\n\n\n<pre class=\"wp-block-preformatted has-contrast-color has-text-color has-link-color wp-elements-5fe73d603ab668058ba0fc022ffabfaa\" style=\"font-size:13px\"><strong><a href=\"https:\/\/fi.wikipedia.org\/wiki\/Sokerointi\">BODY SUGARING<\/a> \u2013 VARTALOSOKEROINTI<\/strong><br>Sokeri on 100 %:nen luonnontuote eik\u00e4 tuotetta ole testattu el\u00e4imiin.<br>Sokerilla voidaan poistaa hyvin lyhytt\u00e4 karvaa, jopa alle 2 mm:n pituista karvaa.<br>Sokeroinnissa karvat poistetaan karvan kasvusuuntaan, n\u00e4in karvat eiv\u00e4t katkeile ja iho pysyy karvattomana pidemp\u00e4\u00e4n.<br>Sokeri ei tartu el\u00e4viin ihosoluihin, siksi sokeroinnin avulla saadaan turvallisesti ja hell\u00e4varaisesti poistettua karvat my\u00f6s intiimialueilta.<br>Sokerointi on hygieenist\u00e4.<br>Sokeroinnin avulla saadaan v\u00e4hennetty\u00e4 ja heikennetty\u00e4 karvoitusta paljon tehokkaammin kuin vahauksella.<br>Sokeri ei ole kuumaa. Se ei polta eik\u00e4 aiheuta arpia.<br>Sokerointi on my\u00f6s mit\u00e4 parhain vartalonkuorintamenetelm\u00e4.<br>Tuloksena terve, karvaton ja pehme\u00e4 iho!<br><\/pre>\n\n\n<style>.kb-row-layout-wrap.wp-block-kadence-rowlayout.kb-row-layout-id580_8a6579-ff{margin-bottom:0px;}.kb-row-layout-id580_8a6579-ff > .kt-row-column-wrap{align-content:start;}:where(.kb-row-layout-id580_8a6579-ff > .kt-row-column-wrap) > .wp-block-kadence-column{justify-content:start;}.kb-row-layout-id580_8a6579-ff > .kt-row-column-wrap{column-gap:var(--global-kb-gap-md, 2rem);row-gap:var(--global-kb-gap-md, 2rem);padding-top:var(--global-kb-spacing-sm, 1.5rem);padding-bottom:var(--global-kb-spacing-sm, 1.5rem);grid-template-columns:repeat(2, minmax(0, 1fr));}.kb-row-layout-id580_8a6579-ff > .kt-row-layout-overlay{opacity:0.30;}@media all and (max-width: 1024px){.kb-row-layout-id580_8a6579-ff > .kt-row-column-wrap{grid-template-columns:repeat(2, minmax(0, 1fr));}}@media all and (max-width: 767px){.kb-row-layout-id580_8a6579-ff > .kt-row-column-wrap{grid-template-columns:minmax(0, 1fr);}}<\/style><div class=\"kb-row-layout-wrap kb-row-layout-id580_8a6579-ff alignnone wp-block-kadence-rowlayout\"><div class=\"kt-row-column-wrap kt-has-2-columns kt-row-layout-equal kt-tab-layout-inherit kt-mobile-layout-row kt-row-valign-top\">\n<style>.kadence-column580_7fed9f-0d > .kt-inside-inner-col,.kadence-column580_7fed9f-0d > .kt-inside-inner-col:before{border-top-left-radius:0px;border-top-right-radius:0px;border-bottom-right-radius:0px;border-bottom-left-radius:0px;}.kadence-column580_7fed9f-0d > .kt-inside-inner-col{column-gap:var(--global-kb-gap-sm, 1rem);}.kadence-column580_7fed9f-0d > .kt-inside-inner-col{flex-direction:column;}.kadence-column580_7fed9f-0d > .kt-inside-inner-col > .aligncenter{width:100%;}.kadence-column580_7fed9f-0d > .kt-inside-inner-col:before{opacity:0.3;}.kadence-column580_7fed9f-0d{position:relative;}@media all and (max-width: 1024px){.kadence-column580_7fed9f-0d > .kt-inside-inner-col{flex-direction:column;justify-content:center;}}@media all and (max-width: 767px){.kadence-column580_7fed9f-0d > .kt-inside-inner-col{flex-direction:column;justify-content:center;}}<\/style>\n<div class=\"wp-block-kadence-column kadence-column580_7fed9f-0d\"><div class=\"kt-inside-inner-col\">\n<h4 class=\"wp-block-heading\">Kasvojen sokeroinnit:<\/h4>\n\n\n\n<p><strong>Yl\u00e4huulen sokerointi<\/strong> 12,00 \u20ac <br><strong>Kulmakarvojen sokerointi <\/strong>12,00 \u20ac <br><strong>Koko kasvojen sokerointi <\/strong>30,00 \u20ac <br><br><\/p>\n\n\n\n<h4 class=\"wp-block-heading\">Bikinilinja ja brasilialainen (naisten)<\/h4>\n\n\n\n<p><strong>Bikinilinjan sokerointi, siistiminen<\/strong> 30,00 \u20ac <br><strong>Bikinilinjan sokerointi laaja.<\/strong><br>&#8211; J\u00e4tet\u00e4\u00e4n bikinin keskialueelle karvoitusta. 45,00 \u20ac<br><strong>Brasilialainen sokerointi (naisten)<\/strong><br>Kaikki karvat pois bikini alueelta. Brassi 70,00 \u20ac (jatkossa 60,00 \u20ac, huoltov\u00e4li max 7 vko) <\/p>\n\n\n\n<h4 class=\"wp-block-heading\">S\u00e4\u00e4rien ja reisien sokerointi<\/h4>\n\n\n\n<p><strong>S\u00e4\u00e4rien sokerointi<\/strong> 35,00 \u20ac <br><strong>Reisien sokerointi<\/strong> 38,00 \u20ac <\/p>\n\n\n\n<h4 class=\"wp-block-heading\"><br>Muut sokeroinnit:<\/h4>\n\n\n\n<p><strong>Kainaloiden sokerointi<\/strong> 22,00 \u20ac <br><strong>K\u00e4sivarsien sokerointi<\/strong> 35,00 \u20ac <br><br><\/p>\n\n\n\n<p><br><\/p>\n<\/div><\/div>\n\n\n<style>.kadence-column580_62c10a-c2 > .kt-inside-inner-col,.kadence-column580_62c10a-c2 > .kt-inside-inner-col:before{border-top-left-radius:0px;border-top-right-radius:0px;border-bottom-right-radius:0px;border-bottom-left-radius:0px;}.kadence-column580_62c10a-c2 > .kt-inside-inner-col{column-gap:var(--global-kb-gap-sm, 1rem);}.kadence-column580_62c10a-c2 > .kt-inside-inner-col{flex-direction:column;}.kadence-column580_62c10a-c2 > .kt-inside-inner-col > .aligncenter{width:100%;}.kadence-column580_62c10a-c2 > .kt-inside-inner-col:before{opacity:0.3;}.kadence-column580_62c10a-c2{position:relative;}@media all and (max-width: 1024px){.kadence-column580_62c10a-c2 > .kt-inside-inner-col{flex-direction:column;justify-content:center;}}@media all and (max-width: 767px){.kadence-column580_62c10a-c2 > .kt-inside-inner-col{flex-direction:column;justify-content:center;}}<\/style>\n<div class=\"wp-block-kadence-column kadence-column580_62c10a-c2\"><div class=\"kt-inside-inner-col\">\n<figure class=\"wp-block-image size-full is-resized\"><a href=\"https:\/\/tiarakauneushoitola.fi\/wp-content\/uploads\/2016\/09\/body-sugaring_kuva3.jpg\"><img loading=\"lazy\" decoding=\"async\" width=\"400\" height=\"400\" src=\"https:\/\/tiarakauneushoitola.fi\/wp-content\/uploads\/2016\/09\/body-sugaring_kuva3.jpg\" alt=\"Body Sugaring mainoskuva huulista jotka ovat p\u00e4\u00e4llystetty sokerilla. Kasvojen sokerointi.\" class=\"wp-image-139\" style=\"width:205px;height:auto\" srcset=\"https:\/\/tiarakauneushoitola.fi\/wp-content\/uploads\/2016\/09\/body-sugaring_kuva3.jpg 400w, https:\/\/tiarakauneushoitola.fi\/wp-content\/uploads\/2016\/09\/body-sugaring_kuva3-150x150.jpg 150w, https:\/\/tiarakauneushoitola.fi\/wp-content\/uploads\/2016\/09\/body-sugaring_kuva3-300x300.jpg 300w, https:\/\/tiarakauneushoitola.fi\/wp-content\/uploads\/2016\/09\/body-sugaring_kuva3-180x180.jpg 180w\" sizes=\"auto, (max-width: 400px) 100vw, 400px\" \/><\/a><\/figure>\n\n\n\n<p><\/p>\n\n\n<style>.kb-row-layout-wrap.wp-block-kadence-rowlayout.kb-row-layout-id580_120321-22{margin-bottom:0px;}.kb-row-layout-id580_120321-22 > .kt-row-column-wrap{align-content:start;}:where(.kb-row-layout-id580_120321-22 > .kt-row-column-wrap) > .wp-block-kadence-column{justify-content:start;}.kb-row-layout-id580_120321-22 > .kt-row-column-wrap{column-gap:var(--global-kb-gap-md, 2rem);row-gap:var(--global-kb-gap-md, 2rem);padding-top:var(--global-kb-spacing-sm, 1.5rem);padding-bottom:var(--global-kb-spacing-sm, 1.5rem);grid-template-columns:minmax(0, calc(10% - ((var(--global-kb-gap-md, 2rem) * 2 )\/3)))minmax(0, calc(75% - ((var(--global-kb-gap-md, 2rem) * 2 )\/3)))minmax(0, calc(15% - ((var(--global-kb-gap-md, 2rem) * 2 )\/3)));}.kb-row-layout-id580_120321-22 > .kt-row-layout-overlay{opacity:0.30;}@media all and (max-width: 1024px){.kb-row-layout-id580_120321-22 > .kt-row-column-wrap > div:not(.added-for-specificity){grid-column:initial;}}@media all and (max-width: 1024px){.kb-row-layout-id580_120321-22 > .kt-row-column-wrap{grid-template-columns:minmax(0, 1fr) minmax(0, 3fr) minmax(0, 1fr);}}@media all and (max-width: 767px){.kb-row-layout-id580_120321-22 > .kt-row-column-wrap > div:not(.added-for-specificity){grid-column:initial;}.kb-row-layout-id580_120321-22 > .kt-row-column-wrap{grid-template-columns:minmax(0, 1fr);}}<\/style><div class=\"kb-row-layout-wrap kb-row-layout-id580_120321-22 alignnone has-base-background-color kt-row-has-bg wp-block-kadence-rowlayout\"><div class=\"kt-row-column-wrap kt-has-3-columns kt-row-layout-center-wide kt-tab-layout-inherit kt-mobile-layout-row kt-row-valign-top\">\n<style>.kadence-column580_0356ed-62 > .kt-inside-inner-col,.kadence-column580_0356ed-62 > .kt-inside-inner-col:before{border-top-left-radius:0px;border-top-right-radius:0px;border-bottom-right-radius:0px;border-bottom-left-radius:0px;}.kadence-column580_0356ed-62 > .kt-inside-inner-col{column-gap:var(--global-kb-gap-sm, 1rem);}.kadence-column580_0356ed-62 > .kt-inside-inner-col{flex-direction:column;}.kadence-column580_0356ed-62 > .kt-inside-inner-col > .aligncenter{width:100%;}.kadence-column580_0356ed-62 > .kt-inside-inner-col:before{opacity:0.3;}.kadence-column580_0356ed-62{position:relative;}@media all and (max-width: 1024px){.kadence-column580_0356ed-62 > .kt-inside-inner-col{flex-direction:column;justify-content:center;}}@media all and (max-width: 767px){.kadence-column580_0356ed-62 > .kt-inside-inner-col{flex-direction:column;justify-content:center;}}<\/style>\n<div class=\"wp-block-kadence-column kadence-column580_0356ed-62\"><div class=\"kt-inside-inner-col\"><\/div><\/div>\n\n\n<style>.kadence-column580_a6cd72-f6 > .kt-inside-inner-col,.kadence-column580_a6cd72-f6 > .kt-inside-inner-col:before{border-top-left-radius:0px;border-top-right-radius:0px;border-bottom-right-radius:0px;border-bottom-left-radius:0px;}.kadence-column580_a6cd72-f6 > .kt-inside-inner-col{column-gap:var(--global-kb-gap-sm, 1rem);}.kadence-column580_a6cd72-f6 > .kt-inside-inner-col{flex-direction:column;}.kadence-column580_a6cd72-f6 > .kt-inside-inner-col > .aligncenter{width:100%;}.kadence-column580_a6cd72-f6 > .kt-inside-inner-col:before{opacity:0.3;}.kadence-column580_a6cd72-f6{position:relative;}@media all and (max-width: 1024px){.kadence-column580_a6cd72-f6 > .kt-inside-inner-col{flex-direction:column;justify-content:center;}}@media all and (max-width: 767px){.kadence-column580_a6cd72-f6 > .kt-inside-inner-col{flex-direction:column;justify-content:center;}}<\/style>\n<div class=\"wp-block-kadence-column kadence-column580_a6cd72-f6\"><div class=\"kt-inside-inner-col\">\n<p><strong>Sokerointipaketti : brassi\/s\u00e4\u00e4ret\/reidet<\/strong> 130,00 \u20ac <br><strong>Sokerointipaketti : brassi\/s\u00e4\u00e4ret\/reidet ja kainalot<\/strong> 150,00 \u20ac <br><br><strong>Hoitopaketteja:<\/strong> <strong>Vartalo sokerointi<\/strong><br>&#8211; S\u00e4\u00e4ren, reiden ja bikinirajan sokerointi 80,00 \u20ac <br>&#8211; S\u00e4\u00e4ren, reiden, bikinirajan sokerointi sek\u00e4 kainalot 95,00 \u20ac <\/p>\n<\/div><\/div>\n\n\n<style>.kadence-column580_c96893-36 > .kt-inside-inner-col,.kadence-column580_c96893-36 > .kt-inside-inner-col:before{border-top-left-radius:0px;border-top-right-radius:0px;border-bottom-right-radius:0px;border-bottom-left-radius:0px;}.kadence-column580_c96893-36 > .kt-inside-inner-col{column-gap:var(--global-kb-gap-sm, 1rem);}.kadence-column580_c96893-36 > .kt-inside-inner-col{flex-direction:column;}.kadence-column580_c96893-36 > .kt-inside-inner-col > .aligncenter{width:100%;}.kadence-column580_c96893-36 > .kt-inside-inner-col:before{opacity:0.3;}.kadence-column580_c96893-36{position:relative;}@media all and (max-width: 1024px){.kadence-column580_c96893-36 > .kt-inside-inner-col{flex-direction:column;justify-content:center;}}@media all and (max-width: 767px){.kadence-column580_c96893-36 > .kt-inside-inner-col{flex-direction:column;justify-content:center;}}<\/style>\n<div class=\"wp-block-kadence-column kadence-column580_c96893-36\"><div class=\"kt-inside-inner-col\"><\/div><\/div>\n\n<\/div><\/div>\n\n\n<p><\/p>\n<\/div><\/div>\n\n<\/div><\/div><\/div><\/div>\n\n<\/div><\/div>","protected":false},"excerpt":{"rendered":"<p>SOKEROINNIT AMMATTITAIDOLLA Sokerointi on hell\u00e4varainen, tehokas ja kaikille ihotyypeille sopiva karvanpoistomenetelm\u00e4. Tiara Kauneushoitola Rauhankatu 30, Porvoo. Vartalosokeroinnissa sokerin ja oikean tekniikan avulla saadaan ihokarvojen lis\u00e4ksi poistettua hell\u00e4varaisesti -mutta tehokkaasti- my\u00f6s kuollut ihosolukko. Tuloksena on karvaton, pehme\u00e4, silkkinen ja terve iho. Tutustu palveluihimme! BODY SUGARING \u2013 VARTALOSOKEROINTISokeri on 100 %:nen luonnontuote eik\u00e4 tuotetta ole testattu el\u00e4imiin.Sokerilla &#8230; <a title=\"SOKEROINTI\" class=\"read-more\" href=\"https:\/\/tiarakauneushoitola.fi\/?page_id=580\" aria-label=\"Lue lis\u00e4\u00e4 aiheesta SOKEROINTI\">Lue lis\u00e4\u00e4<\/a><\/p>\n","protected":false},"author":1,"featured_media":0,"parent":0,"menu_order":0,"comment_status":"closed","ping_status":"closed","template":"","meta":{"footnotes":""},"class_list":["post-580","page","type-page","status-publish"],"yoast_head":"<!-- This site is optimized with the Yoast SEO plugin v27.5 - https:\/\/yoast.com\/product\/yoast-seo-wordpress\/ -->\n<title>SOKEROINNIT AMMATTITAIDOLLA - Tiara Kauneushoitola<\/title>\n<meta name=\"description\" content=\"Sokerointi on hell\u00e4varainen, tehokas ja karvanpoistomenetelm\u00e4, tutustu palveluihimme. Brasilialainen (naisille), kasvot, s\u00e4\u00e4ret, kainalot.\" \/>\n<meta name=\"robots\" content=\"index, follow, max-snippet:-1, max-image-preview:large, max-video-preview:-1\" \/>\n<link rel=\"canonical\" href=\"https:\/\/tiarakauneushoitola.fi\/?page_id=580\" \/>\n<meta property=\"og:locale\" content=\"fi_FI\" \/>\n<meta property=\"og:type\" content=\"article\" \/>\n<meta property=\"og:title\" content=\"SOKEROINNIT AMMATTITAIDOLLA - Tiara Kauneushoitola\" \/>\n<meta property=\"og:description\" content=\"Sokerointi on hell\u00e4varainen, tehokas ja karvanpoistomenetelm\u00e4, tutustu palveluihimme. Brasilialainen (naisille), kasvot, s\u00e4\u00e4ret, kainalot.\" \/>\n<meta property=\"og:url\" content=\"https:\/\/tiarakauneushoitola.fi\/?page_id=580\" \/>\n<meta property=\"og:site_name\" content=\"Tiara Kauneushoitola\" \/>\n<meta property=\"article:publisher\" content=\"https:\/\/www.facebook.com\/kauneustiara\" \/>\n<meta property=\"article:modified_time\" content=\"2024-04-12T07:01:32+00:00\" \/>\n<meta property=\"og:image\" content=\"https:\/\/tiarakauneushoitola.fi\/wp-content\/uploads\/2024\/03\/body-sugaring.jpg\" \/>\n<meta name=\"twitter:card\" content=\"summary_large_image\" \/>\n<meta name=\"twitter:label1\" content=\"Arvioitu lukuaika\" \/>\n\t<meta name=\"twitter:data1\" content=\"2 minuuttia\" \/>\n<script type=\"application\/ld+json\" class=\"yoast-schema-graph\">{\"@context\":\"https:\\\/\\\/schema.org\",\"@graph\":[{\"@type\":\"WebPage\",\"@id\":\"https:\\\/\\\/tiarakauneushoitola.fi\\\/?page_id=580\",\"url\":\"https:\\\/\\\/tiarakauneushoitola.fi\\\/?page_id=580\",\"name\":\"SOKEROINNIT AMMATTITAIDOLLA - Tiara Kauneushoitola\",\"isPartOf\":{\"@id\":\"https:\\\/\\\/tiarakauneushoitola.fi\\\/#website\"},\"primaryImageOfPage\":{\"@id\":\"https:\\\/\\\/tiarakauneushoitola.fi\\\/?page_id=580#primaryimage\"},\"image\":{\"@id\":\"https:\\\/\\\/tiarakauneushoitola.fi\\\/?page_id=580#primaryimage\"},\"thumbnailUrl\":\"https:\\\/\\\/tiarakauneushoitola.fi\\\/wp-content\\\/uploads\\\/2024\\\/03\\\/body-sugaring.jpg\",\"datePublished\":\"2024-03-26T08:17:14+00:00\",\"dateModified\":\"2024-04-12T07:01:32+00:00\",\"description\":\"Sokerointi on hell\u00e4varainen, tehokas ja karvanpoistomenetelm\u00e4, tutustu palveluihimme. Brasilialainen (naisille), kasvot, s\u00e4\u00e4ret, kainalot.\",\"breadcrumb\":{\"@id\":\"https:\\\/\\\/tiarakauneushoitola.fi\\\/?page_id=580#breadcrumb\"},\"inLanguage\":\"fi\",\"potentialAction\":[{\"@type\":\"ReadAction\",\"target\":[\"https:\\\/\\\/tiarakauneushoitola.fi\\\/?page_id=580\"]}]},{\"@type\":\"ImageObject\",\"inLanguage\":\"fi\",\"@id\":\"https:\\\/\\\/tiarakauneushoitola.fi\\\/?page_id=580#primaryimage\",\"url\":\"https:\\\/\\\/tiarakauneushoitola.fi\\\/wp-content\\\/uploads\\\/2024\\\/03\\\/body-sugaring.jpg\",\"contentUrl\":\"https:\\\/\\\/tiarakauneushoitola.fi\\\/wp-content\\\/uploads\\\/2024\\\/03\\\/body-sugaring.jpg\",\"width\":845,\"height\":684},{\"@type\":\"BreadcrumbList\",\"@id\":\"https:\\\/\\\/tiarakauneushoitola.fi\\\/?page_id=580#breadcrumb\",\"itemListElement\":[{\"@type\":\"ListItem\",\"position\":1,\"name\":\"Home\",\"item\":\"https:\\\/\\\/tiarakauneushoitola.fi\\\/\"},{\"@type\":\"ListItem\",\"position\":2,\"name\":\"SOKEROINTI\"}]},{\"@type\":\"WebSite\",\"@id\":\"https:\\\/\\\/tiarakauneushoitola.fi\\\/#website\",\"url\":\"https:\\\/\\\/tiarakauneushoitola.fi\\\/\",\"name\":\"Tiara Kauneushoitola\",\"description\":\"\",\"publisher\":{\"@id\":\"https:\\\/\\\/tiarakauneushoitola.fi\\\/#organization\"},\"potentialAction\":[{\"@type\":\"SearchAction\",\"target\":{\"@type\":\"EntryPoint\",\"urlTemplate\":\"https:\\\/\\\/tiarakauneushoitola.fi\\\/?s={search_term_string}\"},\"query-input\":{\"@type\":\"PropertyValueSpecification\",\"valueRequired\":true,\"valueName\":\"search_term_string\"}}],\"inLanguage\":\"fi\"},{\"@type\":\"Organization\",\"@id\":\"https:\\\/\\\/tiarakauneushoitola.fi\\\/#organization\",\"name\":\"Tiara Kauneushoitola\",\"url\":\"https:\\\/\\\/tiarakauneushoitola.fi\\\/\",\"logo\":{\"@type\":\"ImageObject\",\"inLanguage\":\"fi\",\"@id\":\"https:\\\/\\\/tiarakauneushoitola.fi\\\/#\\\/schema\\\/logo\\\/image\\\/\",\"url\":\"https:\\\/\\\/tiarakauneushoitola.fi\\\/wp-content\\\/uploads\\\/2017\\\/04\\\/Tiara_logo_valk100x50-kopio.jpg\",\"contentUrl\":\"https:\\\/\\\/tiarakauneushoitola.fi\\\/wp-content\\\/uploads\\\/2017\\\/04\\\/Tiara_logo_valk100x50-kopio.jpg\",\"width\":787,\"height\":305,\"caption\":\"Tiara Kauneushoitola\"},\"image\":{\"@id\":\"https:\\\/\\\/tiarakauneushoitola.fi\\\/#\\\/schema\\\/logo\\\/image\\\/\"},\"sameAs\":[\"https:\\\/\\\/www.facebook.com\\\/kauneustiara\"]}]}<\/script>\n<!-- \/ Yoast SEO plugin. -->","yoast_head_json":{"title":"SOKEROINNIT AMMATTITAIDOLLA - Tiara Kauneushoitola","description":"Sokerointi on hell\u00e4varainen, tehokas ja karvanpoistomenetelm\u00e4, tutustu palveluihimme. Brasilialainen (naisille), kasvot, s\u00e4\u00e4ret, kainalot.","robots":{"index":"index","follow":"follow","max-snippet":"max-snippet:-1","max-image-preview":"max-image-preview:large","max-video-preview":"max-video-preview:-1"},"canonical":"https:\/\/tiarakauneushoitola.fi\/?page_id=580","og_locale":"fi_FI","og_type":"article","og_title":"SOKEROINNIT AMMATTITAIDOLLA - Tiara Kauneushoitola","og_description":"Sokerointi on hell\u00e4varainen, tehokas ja karvanpoistomenetelm\u00e4, tutustu palveluihimme. Brasilialainen (naisille), kasvot, s\u00e4\u00e4ret, kainalot.","og_url":"https:\/\/tiarakauneushoitola.fi\/?page_id=580","og_site_name":"Tiara Kauneushoitola","article_publisher":"https:\/\/www.facebook.com\/kauneustiara","article_modified_time":"2024-04-12T07:01:32+00:00","og_image":[{"url":"https:\/\/tiarakauneushoitola.fi\/wp-content\/uploads\/2024\/03\/body-sugaring.jpg","type":"","width":"","height":""}],"twitter_card":"summary_large_image","twitter_misc":{"Arvioitu lukuaika":"2 minuuttia"},"schema":{"@context":"https:\/\/schema.org","@graph":[{"@type":"WebPage","@id":"https:\/\/tiarakauneushoitola.fi\/?page_id=580","url":"https:\/\/tiarakauneushoitola.fi\/?page_id=580","name":"SOKEROINNIT AMMATTITAIDOLLA - Tiara Kauneushoitola","isPartOf":{"@id":"https:\/\/tiarakauneushoitola.fi\/#website"},"primaryImageOfPage":{"@id":"https:\/\/tiarakauneushoitola.fi\/?page_id=580#primaryimage"},"image":{"@id":"https:\/\/tiarakauneushoitola.fi\/?page_id=580#primaryimage"},"thumbnailUrl":"https:\/\/tiarakauneushoitola.fi\/wp-content\/uploads\/2024\/03\/body-sugaring.jpg","datePublished":"2024-03-26T08:17:14+00:00","dateModified":"2024-04-12T07:01:32+00:00","description":"Sokerointi on hell\u00e4varainen, tehokas ja karvanpoistomenetelm\u00e4, tutustu palveluihimme. Brasilialainen (naisille), kasvot, s\u00e4\u00e4ret, kainalot.","breadcrumb":{"@id":"https:\/\/tiarakauneushoitola.fi\/?page_id=580#breadcrumb"},"inLanguage":"fi","potentialAction":[{"@type":"ReadAction","target":["https:\/\/tiarakauneushoitola.fi\/?page_id=580"]}]},{"@type":"ImageObject","inLanguage":"fi","@id":"https:\/\/tiarakauneushoitola.fi\/?page_id=580#primaryimage","url":"https:\/\/tiarakauneushoitola.fi\/wp-content\/uploads\/2024\/03\/body-sugaring.jpg","contentUrl":"https:\/\/tiarakauneushoitola.fi\/wp-content\/uploads\/2024\/03\/body-sugaring.jpg","width":845,"height":684},{"@type":"BreadcrumbList","@id":"https:\/\/tiarakauneushoitola.fi\/?page_id=580#breadcrumb","itemListElement":[{"@type":"ListItem","position":1,"name":"Home","item":"https:\/\/tiarakauneushoitola.fi\/"},{"@type":"ListItem","position":2,"name":"SOKEROINTI"}]},{"@type":"WebSite","@id":"https:\/\/tiarakauneushoitola.fi\/#website","url":"https:\/\/tiarakauneushoitola.fi\/","name":"Tiara Kauneushoitola","description":"","publisher":{"@id":"https:\/\/tiarakauneushoitola.fi\/#organization"},"potentialAction":[{"@type":"SearchAction","target":{"@type":"EntryPoint","urlTemplate":"https:\/\/tiarakauneushoitola.fi\/?s={search_term_string}"},"query-input":{"@type":"PropertyValueSpecification","valueRequired":true,"valueName":"search_term_string"}}],"inLanguage":"fi"},{"@type":"Organization","@id":"https:\/\/tiarakauneushoitola.fi\/#organization","name":"Tiara Kauneushoitola","url":"https:\/\/tiarakauneushoitola.fi\/","logo":{"@type":"ImageObject","inLanguage":"fi","@id":"https:\/\/tiarakauneushoitola.fi\/#\/schema\/logo\/image\/","url":"https:\/\/tiarakauneushoitola.fi\/wp-content\/uploads\/2017\/04\/Tiara_logo_valk100x50-kopio.jpg","contentUrl":"https:\/\/tiarakauneushoitola.fi\/wp-content\/uploads\/2017\/04\/Tiara_logo_valk100x50-kopio.jpg","width":787,"height":305,"caption":"Tiara Kauneushoitola"},"image":{"@id":"https:\/\/tiarakauneushoitola.fi\/#\/schema\/logo\/image\/"},"sameAs":["https:\/\/www.facebook.com\/kauneustiara"]}]}},"_links":{"self":[{"href":"https:\/\/tiarakauneushoitola.fi\/index.php?rest_route=\/wp\/v2\/pages\/580","targetHints":{"allow":["GET"]}}],"collection":[{"href":"https:\/\/tiarakauneushoitola.fi\/index.php?rest_route=\/wp\/v2\/pages"}],"about":[{"href":"https:\/\/tiarakauneushoitola.fi\/index.php?rest_route=\/wp\/v2\/types\/page"}],"author":[{"embeddable":true,"href":"https:\/\/tiarakauneushoitola.fi\/index.php?rest_route=\/wp\/v2\/users\/1"}],"replies":[{"embeddable":true,"href":"https:\/\/tiarakauneushoitola.fi\/index.php?rest_route=%2Fwp%2Fv2%2Fcomments&post=580"}],"version-history":[{"count":37,"href":"https:\/\/tiarakauneushoitola.fi\/index.php?rest_route=\/wp\/v2\/pages\/580\/revisions"}],"predecessor-version":[{"id":993,"href":"https:\/\/tiarakauneushoitola.fi\/index.php?rest_route=\/wp\/v2\/pages\/580\/revisions\/993"}],"wp:attachment":[{"href":"https:\/\/tiarakauneushoitola.fi\/index.php?rest_route=%2Fwp%2Fv2%2Fmedia&parent=580"}],"curies":[{"name":"wp","href":"https:\/\/api.w.org\/{rel}","templated":true}]}}